{"id":232,"date":"2024-08-14T13:17:55","date_gmt":"2024-08-14T11:17:55","guid":{"rendered":"https:\/\/kpra.es\/?page_id=232"},"modified":"2024-12-02T14:21:32","modified_gmt":"2024-12-02T13:21:32","slug":"sanidad","status":"publish","type":"page","link":"https:\/\/kpra.es\/index.php\/sanidad\/","title":{"rendered":"Sanidad"},"content":{"rendered":"\t\t<div data-elementor-type=\"wp-page\" data-elementor-id=\"232\" class=\"elementor elementor-232\" data-elementor-post-type=\"page\">\n\t\t\t\t<div class=\"elementor-element elementor-element-d5c049a e-flex e-con-boxed e-con e-parent\" data-id=\"d5c049a\" data-element_type=\"container\">\n\t\t\t\t\t<div class=\"e-con-inner\">\n\t\t<div class=\"elementor-element elementor-element-94327d4 e-con-full e-flex e-con e-child\" data-id=\"94327d4\" data-element_type=\"container\">\n\t\t<div class=\"elementor-element elementor-element-5834a63 e-con-full e-flex e-con e-child\" data-id=\"5834a63\" data-element_type=\"container\">\n\t\t<div class=\"elementor-element elementor-element-7e53ed6 e-con-full e-flex e-con e-child\" data-id=\"7e53ed6\" data-element_type=\"container\">\n\t\t\t\t<div class=\"elementor-element elementor-element-a906591 elementor-widget elementor-widget-heading\" data-id=\"a906591\" data-element_type=\"widget\" data-widget_type=\"heading.default\">\n\t\t\t\t<div class=\"elementor-widget-container\">\n\t\t\t<style>\/*! elementor - v3.23.0 - 05-08-2024 *\/\n.elementor-heading-title{padding:0;margin:0;line-height:1}.elementor-widget-heading .elementor-heading-title[class*=elementor-size-]>a{color:inherit;font-size:inherit;line-height:inherit}.elementor-widget-heading .elementor-heading-title.elementor-size-small{font-size:15px}.elementor-widget-heading .elementor-heading-title.elementor-size-medium{font-size:19px}.elementor-widget-heading .elementor-heading-title.elementor-size-large{font-size:29px}.elementor-widget-heading .elementor-heading-title.elementor-size-xl{font-size:39px}.elementor-widget-heading .elementor-heading-title.elementor-size-xxl{font-size:59px}<\/style><h1 class=\"elementor-heading-title elementor-size-default\">Sanidad<\/h1>\t\t<\/div>\n\t\t\t\t<\/div>\n\t\t\t\t<\/div>\n\t\t\t\t<\/div>\n\t\t\t\t<\/div>\n\t\t<div class=\"elementor-element elementor-element-bc6f1a8 e-con-full e-flex e-con e-child\" data-id=\"bc6f1a8\" data-element_type=\"container\" data-settings=\"{&quot;background_background&quot;:&quot;classic&quot;}\">\n\t\t<div class=\"elementor-element elementor-element-f37c8c3 e-con-full e-flex e-con e-child\" data-id=\"f37c8c3\" data-element_type=\"container\">\n\t\t\t\t<div class=\"elementor-element elementor-element-e41fff5 elementor-widget elementor-widget-text-editor\" data-id=\"e41fff5\" data-element_type=\"widget\" data-widget_type=\"text-editor.default\">\n\t\t\t\t<div class=\"elementor-widget-container\">\n\t\t\t<style>\/*! elementor - v3.23.0 - 05-08-2024 *\/\n.elementor-widget-text-editor.elementor-drop-cap-view-stacked .elementor-drop-cap{background-color:#69727d;color:#fff}.elementor-widget-text-editor.elementor-drop-cap-view-framed .elementor-drop-cap{color:#69727d;border:3px solid;background-color:transparent}.elementor-widget-text-editor:not(.elementor-drop-cap-view-default) .elementor-drop-cap{margin-top:8px}.elementor-widget-text-editor:not(.elementor-drop-cap-view-default) .elementor-drop-cap-letter{width:1em;height:1em}.elementor-widget-text-editor .elementor-drop-cap{float:left;text-align:center;line-height:1;font-size:50px}.elementor-widget-text-editor .elementor-drop-cap-letter{display:inline-block}<\/style>\t\t\t\t<div class=\"et_pb_row et_pb_row_0\"><div class=\"et_pb_column et_pb_column_4_4 et_pb_column_0 et_pb_css_mix_blend_mode_passthrough et-last-child\"><div class=\"et_pb_module et_pb_text et_pb_text_0 et_pb_text_align_left et_pb_bg_layout_light\"><div class=\"et_pb_text_inner\"><div class=\"et_pb_section et_pb_section_0 et_pb_with_background et_section_regular\"><div class=\"et_pb_row et_pb_row_2\"><div class=\"et_pb_column et_pb_column_4_4 et_pb_column_3 et_pb_css_mix_blend_mode_passthrough et-last-child\"><div class=\"et_pb_module et_pb_text et_pb_text_2 et_pb_text_align_left et_pb_bg_layout_light\"><div class=\"et_pb_text_inner\"><p>Para poder expresar el potencial gen\u00e9tico de nuestras cabras hace falta una buena alimentaci\u00f3n, un adecuado manejo y especialmente un\u00a0<strong>elevado \u00abstatus sanitario\u00bb.<\/strong><\/p><p>Nuestra caba\u00f1a est\u00e1\u00a0calificada Oficialmente<b>\u00a0Indemne a Brucelosis (M4) y libre de Tuberculosis (T3)<\/b>. Tenemos programas sanitarios convenidos con la Administraci\u00f3n P\u00fablica y la Universidad de Murcia para el control de\u00a0<b>CAEV<\/b>\u00a0(Virus de la Artritis Encefalitis Caprina),\u00a0<b>Agalaxia Contagiosa\u00a0<\/b>(Mycoplasmas spp),<b>\u00a0Paratuberculosis\u00a0<\/b>(Mycobacterium aviumsubsp.paratuberculosis),\u00a0<b>Fiebre Q<\/b>\u00a0(Coxiella Burnetti) y\u00a0<b>Pseudotuberculosis<\/b>\u00a0(Corynebacterium\u00a0<wbr \/>pseudotuberculosis).<\/p><p>Igualmente estamos sometidos a todos los programas y controles sanitarios que vienen coordinados por la\u00a0<strong>Agrupaci\u00f3n de Defensa Sanitaria<\/strong>.<\/p><\/div><\/div><\/div><\/div><\/div><\/div><\/div><\/div><\/div>\t\t\t\t\t\t<\/div>\n\t\t\t\t<\/div>\n\t\t\t\t<\/div>\n\t\t\t\t<\/div>\n\t\t\t\t<div class=\"elementor-element elementor-element-f14199d elementor-widget elementor-widget-button\" data-id=\"f14199d\" data-element_type=\"widget\" data-widget_type=\"button.default\">\n\t\t\t\t<div class=\"elementor-widget-container\">\n\t\t\t\t\t<div class=\"elementor-button-wrapper\">\n\t\t\t<a class=\"elementor-button elementor-button-link elementor-size-sm\" href=\"#\">\n\t\t\t\t\t\t<span class=\"elementor-button-content-wrapper\">\n\t\t\t\t\t\t\t\t\t<span class=\"elementor-button-text\">Control de mamitis<\/span>\n\t\t\t\t\t<\/span>\n\t\t\t\t\t<\/a>\n\t\t<\/div>\n\t\t\t\t<\/div>\n\t\t\t\t<\/div>\n\t\t\t\t\t<\/div>\n\t\t\t\t<\/div>\n\t\t<div class=\"elementor-element elementor-element-78566ad e-flex e-con-boxed e-con e-parent\" data-id=\"78566ad\" data-element_type=\"container\">\n\t\t\t\t\t<div class=\"e-con-inner\">\n\t\t<div class=\"elementor-element elementor-element-084529f e-con-full e-flex e-con e-child\" data-id=\"084529f\" data-element_type=\"container\">\n\t\t\t\t<div class=\"elementor-element elementor-element-e9681fc elementor-widget elementor-widget-text-editor\" data-id=\"e9681fc\" data-element_type=\"widget\" data-widget_type=\"text-editor.default\">\n\t\t\t\t<div class=\"elementor-widget-container\">\n\t\t\t\t\t\t\t<p>Es riguroso, en cada orde\u00f1o, si aparece alg\u00fan animal sospechoso inmediatamente le hacemos Test de California para detectar posibles mamitis; con cada control lechero (diariamente) de todas las cabras obtenemos el Recuento de C\u00e9lulas Som\u00e1ticas (RCS) individualizado que nos detectar\u00e1 objetivamente posible mamitis subcl\u00ednicas. Todas las ubres son selladas y desinfectadas una vez acabado el orde\u00f1o diario.<\/p><p>Contamos con un \u00e1rea espec\u00edfica de animales enfermos donde se les da un trato especial: dieta alimenticia, curas espec\u00edficas y vigilancia veterinaria permanente.<\/p><p>Nuestras instalaciones ganaderas est\u00e1n cubiertas con un\u00a0<strong>programa DDD<\/strong>\u00a0(Desinfecci\u00f3n , Desinsectaci\u00f3n, Desratizaci\u00f3n) para evitar contaminaci\u00f3n o la actuaci\u00f3n como transmisores de enfermedad de roedores, insectos, etc.<\/p><p>Hacemos un programa de prevenci\u00f3n de parasitosis en todos los animales cubriendo diferentes objetivos seg\u00fan la \u00e9poca del a\u00f1o y el estado productivo.\u00a0Tenemos muy presente todas la\u00a0<strong>medidas de Bioseguridad.<\/strong><\/p><p>Por \u00faltimo aplicamos un\u00a0<strong>PGH\u00a0<\/strong>(Plan General de Higiene) para toda la explotaci\u00f3n con unas caracter\u00edsticas muy especiales en la sala de orde\u00f1o y la lecher\u00eda.<\/p>\t\t\t\t\t\t<\/div>\n\t\t\t\t<\/div>\n\t\t\t\t<\/div>\n\t\t\t\t\t<\/div>\n\t\t\t\t<\/div>\n\t\t\t\t<\/div>\n\t\t","protected":false},"excerpt":{"rendered":"<p>Sanidad Para poder expresar el potencial gen\u00e9tico de nuestras cabras hace falta una buena alimentaci\u00f3n, un adecuado manejo y especialmente un\u00a0elevado \u00abstatus sanitario\u00bb. Nuestra caba\u00f1a est\u00e1\u00a0calificada Oficialmente\u00a0Indemne a Brucelosis (M4) y libre de Tuberculosis (T3). Tenemos programas sanitarios convenidos con la Administraci\u00f3n P\u00fablica y la Universidad de Murcia para el control de\u00a0CAEV\u00a0(Virus de la Artritis [&hellip;]<\/p>\n","protected":false},"author":1,"featured_media":0,"parent":0,"menu_order":0,"comment_status":"closed","ping_status":"closed","template":"","meta":{"_acf_changed":false,"footnotes":""},"class_list":["post-232","page","type-page","status-publish","hentry"],"acf":[],"_links":{"self":[{"href":"https:\/\/kpra.es\/index.php\/wp-json\/wp\/v2\/pages\/232","targetHints":{"allow":["GET"]}}],"collection":[{"href":"https:\/\/kpra.es\/index.php\/wp-json\/wp\/v2\/pages"}],"about":[{"href":"https:\/\/kpra.es\/index.php\/wp-json\/wp\/v2\/types\/page"}],"author":[{"embeddable":true,"href":"https:\/\/kpra.es\/index.php\/wp-json\/wp\/v2\/users\/1"}],"replies":[{"embeddable":true,"href":"https:\/\/kpra.es\/index.php\/wp-json\/wp\/v2\/comments?post=232"}],"version-history":[{"count":16,"href":"https:\/\/kpra.es\/index.php\/wp-json\/wp\/v2\/pages\/232\/revisions"}],"predecessor-version":[{"id":783,"href":"https:\/\/kpra.es\/index.php\/wp-json\/wp\/v2\/pages\/232\/revisions\/783"}],"wp:attachment":[{"href":"https:\/\/kpra.es\/index.php\/wp-json\/wp\/v2\/media?parent=232"}],"curies":[{"name":"wp","href":"https:\/\/api.w.org\/{rel}","templated":true}]}}