{"id":240,"date":"2024-08-14T13:22:15","date_gmt":"2024-08-14T11:22:15","guid":{"rendered":"https:\/\/kpra.es\/?page_id=240"},"modified":"2024-12-02T14:21:10","modified_gmt":"2024-12-02T13:21:10","slug":"manejo","status":"publish","type":"page","link":"https:\/\/kpra.es\/index.php\/manejo\/","title":{"rendered":"Manejo"},"content":{"rendered":"\t\t<div data-elementor-type=\"wp-page\" data-elementor-id=\"240\" class=\"elementor elementor-240\" data-elementor-post-type=\"page\">\n\t\t\t\t<div class=\"elementor-element elementor-element-66fadc2 e-flex e-con-boxed e-con e-parent\" data-id=\"66fadc2\" data-element_type=\"container\">\n\t\t\t\t\t<div class=\"e-con-inner\">\n\t\t<div class=\"elementor-element elementor-element-e74b81a e-con-full e-flex e-con e-child\" data-id=\"e74b81a\" data-element_type=\"container\">\n\t\t<div class=\"elementor-element elementor-element-54c7151 e-con-full e-flex e-con e-child\" data-id=\"54c7151\" data-element_type=\"container\">\n\t\t<div class=\"elementor-element elementor-element-d2ce300 e-con-full e-flex e-con e-child\" data-id=\"d2ce300\" data-element_type=\"container\">\n\t\t\t\t<div class=\"elementor-element elementor-element-feb054e elementor-widget elementor-widget-heading\" data-id=\"feb054e\" data-element_type=\"widget\" data-widget_type=\"heading.default\">\n\t\t\t\t<div class=\"elementor-widget-container\">\n\t\t\t<style>\/*! elementor - v3.23.0 - 05-08-2024 *\/\n.elementor-heading-title{padding:0;margin:0;line-height:1}.elementor-widget-heading .elementor-heading-title[class*=elementor-size-]>a{color:inherit;font-size:inherit;line-height:inherit}.elementor-widget-heading .elementor-heading-title.elementor-size-small{font-size:15px}.elementor-widget-heading .elementor-heading-title.elementor-size-medium{font-size:19px}.elementor-widget-heading .elementor-heading-title.elementor-size-large{font-size:29px}.elementor-widget-heading .elementor-heading-title.elementor-size-xl{font-size:39px}.elementor-widget-heading .elementor-heading-title.elementor-size-xxl{font-size:59px}<\/style><h1 class=\"elementor-heading-title elementor-size-default\">Manejo<\/h1>\t\t<\/div>\n\t\t\t\t<\/div>\n\t\t\t\t<\/div>\n\t\t\t\t<div class=\"elementor-element elementor-element-054403e elementor-widget elementor-widget-text-editor\" data-id=\"054403e\" data-element_type=\"widget\" data-widget_type=\"text-editor.default\">\n\t\t\t\t<div class=\"elementor-widget-container\">\n\t\t\t<style>\/*! elementor - v3.23.0 - 05-08-2024 *\/\n.elementor-widget-text-editor.elementor-drop-cap-view-stacked .elementor-drop-cap{background-color:#69727d;color:#fff}.elementor-widget-text-editor.elementor-drop-cap-view-framed .elementor-drop-cap{color:#69727d;border:3px solid;background-color:transparent}.elementor-widget-text-editor:not(.elementor-drop-cap-view-default) .elementor-drop-cap{margin-top:8px}.elementor-widget-text-editor:not(.elementor-drop-cap-view-default) .elementor-drop-cap-letter{width:1em;height:1em}.elementor-widget-text-editor .elementor-drop-cap{float:left;text-align:center;line-height:1;font-size:50px}.elementor-widget-text-editor .elementor-drop-cap-letter{display:inline-block}<\/style>\t\t\t\t<p>Un buen manejo de los animales ofrece las garant\u00edas adicionales para obtener la rentabilidad de la explotaci\u00f3n.\u00a0El pilar es asegurar el\u00a0Bienestar Animal,\u00a0que se basa en 4 puntos de referencia.<\/p>\t\t\t\t\t\t<\/div>\n\t\t\t\t<\/div>\n\t\t\t\t<\/div>\n\t\t\t\t<\/div>\n\t\t<div class=\"elementor-element elementor-element-9a42b37 e-con-full e-flex e-con e-child\" data-id=\"9a42b37\" data-element_type=\"container\">\n\t\t<div class=\"elementor-element elementor-element-da9c656 e-con-full e-flex e-con e-child\" data-id=\"da9c656\" data-element_type=\"container\">\n\t\t<div class=\"elementor-element elementor-element-e650a51 e-con-full e-flex e-con e-child\" data-id=\"e650a51\" data-element_type=\"container\">\n\t\t\t\t<div class=\"elementor-element elementor-element-28b9ebb elementor-widget elementor-widget-n-accordion\" data-id=\"28b9ebb\" data-element_type=\"widget\" data-settings=\"{&quot;default_state&quot;:&quot;expanded&quot;,&quot;max_items_expended&quot;:&quot;one&quot;,&quot;n_accordion_animation_duration&quot;:{&quot;unit&quot;:&quot;ms&quot;,&quot;size&quot;:400,&quot;sizes&quot;:[]}}\" data-widget_type=\"nested-accordion.default\">\n\t\t\t\t<div class=\"elementor-widget-container\">\n\t\t\t\t\t<div class=\"e-n-accordion\" aria-label=\"Accordion. Open links with Enter or Space, close with Escape, and navigate with Arrow Keys\">\n\t\t\t\t\t\t<details id=\"e-n-accordion-item-4270\" class=\"e-n-accordion-item\" open>\n\t\t\t\t<summary class=\"e-n-accordion-item-title\" data-accordion-index=\"1\" tabindex=\"0\" aria-expanded=\"true\" aria-controls=\"e-n-accordion-item-4270\" >\n\t\t\t\t\t<span class='e-n-accordion-item-title-header'><div class=\"e-n-accordion-item-title-text\"> 1. Garantizar el suministro no competitivo de alimentos. <\/div><\/span>\n\t\t\t\t\t\t\t<span class='e-n-accordion-item-title-icon'>\n\t\t\t<span class='e-opened' ><i aria-hidden=\"true\" class=\"fas fa-minus\"><\/i><\/span>\n\t\t\t<span class='e-closed'><i aria-hidden=\"true\" class=\"fas fa-plus\"><\/i><\/span>\n\t\t<\/span>\n\n\t\t\t\t\t\t<\/summary>\n\t\t\t\t<div role=\"region\" aria-labelledby=\"e-n-accordion-item-4270\" class=\"elementor-element elementor-element-f8a96c6 e-con-full e-flex e-con e-child\" data-id=\"f8a96c6\" data-element_type=\"container\">\n\t\t\t\t<div class=\"elementor-element elementor-element-01e865a elementor-widget elementor-widget-text-editor\" data-id=\"01e865a\" data-element_type=\"widget\" data-widget_type=\"text-editor.default\">\n\t\t\t\t<div class=\"elementor-widget-container\">\n\t\t\t\t\t\t\t<div class=\"et_pb_column et_pb_column_1_3 et_pb_column_1 et_pb_css_mix_blend_mode_passthrough\"><div class=\"et_pb_module et_pb_text et_pb_text_2 et_pb_text_align_left et_pb_bg_layout_light\"><div class=\"et_pb_text_inner\"><div class=\"et_pb_row et_pb_row_2\"><div class=\"et_pb_column et_pb_column_4_4 et_pb_column_2 et_pb_css_mix_blend_mode_passthrough et-last-child\"><div class=\"et_pb_module et_pb_text et_pb_text_3 et_pb_text_align_left et_pb_bg_layout_light\"><div class=\"et_pb_text_inner\"><div class=\"et_pb_toggle et_pb_module et_pb_accordion_item et_pb_accordion_item_2 et_pb_toggle_open\"><div class=\"et_pb_toggle_content clearfix\"><p>Apropiados y equilibrados seg\u00fan sus necesidades y asegurar una libre disposici\u00f3n de agua fresca y limpia.<\/p><\/div><\/div><\/div><\/div><\/div><\/div><\/div><\/div><\/div>\t\t\t\t\t\t<\/div>\n\t\t\t\t<\/div>\n\t\t\t\t<\/div>\n\t\t\t\t\t<\/details>\n\t\t\t\t\t\t<details id=\"e-n-accordion-item-4271\" class=\"e-n-accordion-item\" >\n\t\t\t\t<summary class=\"e-n-accordion-item-title\" data-accordion-index=\"2\" tabindex=\"-1\" aria-expanded=\"false\" aria-controls=\"e-n-accordion-item-4271\" >\n\t\t\t\t\t<span class='e-n-accordion-item-title-header'><div class=\"e-n-accordion-item-title-text\"> 2. Facilitar su confort y expresi\u00f3n normal de comportamiento. <\/div><\/span>\n\t\t\t\t\t\t\t<span class='e-n-accordion-item-title-icon'>\n\t\t\t<span class='e-opened' ><i aria-hidden=\"true\" class=\"fas fa-minus\"><\/i><\/span>\n\t\t\t<span class='e-closed'><i aria-hidden=\"true\" class=\"fas fa-plus\"><\/i><\/span>\n\t\t<\/span>\n\n\t\t\t\t\t\t<\/summary>\n\t\t\t\t<div role=\"region\" aria-labelledby=\"e-n-accordion-item-4271\" class=\"elementor-element elementor-element-18226dc e-con-full e-flex e-con e-child\" data-id=\"18226dc\" data-element_type=\"container\">\n\t\t\t\t<div class=\"elementor-element elementor-element-b7dbfb5 elementor-widget elementor-widget-text-editor\" data-id=\"b7dbfb5\" data-element_type=\"widget\" data-widget_type=\"text-editor.default\">\n\t\t\t\t<div class=\"elementor-widget-container\">\n\t\t\t\t\t\t\t<div class=\"et_pb_column et_pb_column_1_3 et_pb_column_1 et_pb_css_mix_blend_mode_passthrough\"><div class=\"et_pb_module et_pb_text et_pb_text_2 et_pb_text_align_left et_pb_bg_layout_light\"><div class=\"et_pb_text_inner\"><div class=\"et_pb_column et_pb_column_1_3 et_pb_column_2 et_pb_css_mix_blend_mode_passthrough\"><div class=\"et_pb_module et_pb_text et_pb_text_3 et_pb_text_align_left et_pb_bg_layout_light\"><div class=\"et_pb_text_inner\"><div class=\"et_pb_row et_pb_row_3\"><div class=\"et_pb_column et_pb_column_4_4 et_pb_column_3 et_pb_css_mix_blend_mode_passthrough et-last-child\"><div class=\"et_pb_module et_pb_text et_pb_text_5 et_pb_text_align_left et_pb_bg_layout_light\"><div class=\"et_pb_text_inner\"><div class=\"et_pb_toggle et_pb_module et_pb_accordion_item et_pb_accordion_item_4 et_pb_toggle_open\"><div class=\"et_pb_toggle_content clearfix\"><div class=\"et_pb_toggle et_pb_module et_pb_accordion_item et_pb_accordion_item_1 et_pb_toggle_open\"><div class=\"et_pb_toggle_content clearfix\"><p>Nuestras cabras disponen de 1,5 m2\/aa de superficie cubierta y cerrada a inclemencias del tiempo as\u00ed como 5m2\/aa de patios de ejercicio y recreo. Las camas siempre est\u00e1n limpias y secas y las naves son generosas con la ventilaci\u00f3n.<\/p><\/div><\/div><\/div><\/div><\/div><\/div><\/div><\/div><\/div><\/div><\/div><\/div><\/div><\/div>\t\t\t\t\t\t<\/div>\n\t\t\t\t<\/div>\n\t\t\t\t<\/div>\n\t\t\t\t\t<\/details>\n\t\t\t\t\t\t<details id=\"e-n-accordion-item-4272\" class=\"e-n-accordion-item\" >\n\t\t\t\t<summary class=\"e-n-accordion-item-title\" data-accordion-index=\"3\" tabindex=\"-1\" aria-expanded=\"false\" aria-controls=\"e-n-accordion-item-4272\" >\n\t\t\t\t\t<span class='e-n-accordion-item-title-header'><div class=\"e-n-accordion-item-title-text\"> 3. Libre de dolores, enfermedades y lesiones. <\/div><\/span>\n\t\t\t\t\t\t\t<span class='e-n-accordion-item-title-icon'>\n\t\t\t<span class='e-opened' ><i aria-hidden=\"true\" class=\"fas fa-minus\"><\/i><\/span>\n\t\t\t<span class='e-closed'><i aria-hidden=\"true\" class=\"fas fa-plus\"><\/i><\/span>\n\t\t<\/span>\n\n\t\t\t\t\t\t<\/summary>\n\t\t\t\t<div role=\"region\" aria-labelledby=\"e-n-accordion-item-4272\" class=\"elementor-element elementor-element-fa044aa e-con-full e-flex e-con e-child\" data-id=\"fa044aa\" data-element_type=\"container\">\n\t\t\t\t<div class=\"elementor-element elementor-element-bb6f63e elementor-widget elementor-widget-text-editor\" data-id=\"bb6f63e\" data-element_type=\"widget\" data-widget_type=\"text-editor.default\">\n\t\t\t\t<div class=\"elementor-widget-container\">\n\t\t\t\t\t\t\t<div class=\"et_pb_column et_pb_column_1_3 et_pb_column_1 et_pb_css_mix_blend_mode_passthrough\"><div class=\"et_pb_module et_pb_text et_pb_text_2 et_pb_text_align_left et_pb_bg_layout_light\"><div class=\"et_pb_text_inner\"><div class=\"et_pb_column et_pb_column_1_3 et_pb_column_2 et_pb_css_mix_blend_mode_passthrough\"><div class=\"et_pb_module et_pb_text et_pb_text_3 et_pb_text_align_left et_pb_bg_layout_light\"><div class=\"et_pb_text_inner\"><div class=\"et_pb_section et_pb_section_0 et_pb_with_background et_section_regular\"><div class=\"et_pb_row et_pb_row_1\"><div class=\"et_pb_column et_pb_column_1_3 et_pb_column_3 et_pb_css_mix_blend_mode_passthrough et-last-child\"><div class=\"et_pb_module et_pb_text et_pb_text_4 et_pb_text_align_left et_pb_bg_layout_light\"><div class=\"et_pb_text_inner\"><div class=\"et_pb_column et_pb_column_1_2 et_pb_column_4 et_pb_css_mix_blend_mode_passthrough\"><div class=\"et_pb_module et_pb_accordion et_pb_accordion_2 et_had_animation\" data-animation-style=\"fade\" data-animation-repeat=\"\" data-animation-duration=\"1000ms\" data-animation-delay=\"0ms\" data-animation-intensity=\"50%\" data-animation-starting-opacity=\"0%\" data-animation-speed-curve=\"ease-in-out\"><div class=\"et_pb_toggle et_pb_module et_pb_accordion_item et_pb_accordion_item_3 et_pb_toggle_open\"><div class=\"et_pb_toggle_content clearfix\"><div class=\"et_pb_toggle et_pb_module et_pb_accordion_item et_pb_accordion_item_2 et_pb_toggle_open\"><div class=\"et_pb_toggle_content clearfix\"><p>Y si las hubiera disponemos de veterinario en plantilla para adecuar el mejor tratamiento posible y un \u00e1rea espec\u00edfica para los animales enfermos.<\/p><\/div><\/div><\/div><\/div><\/div><\/div><\/div><\/div><\/div><\/div><\/div><\/div><\/div><\/div><\/div><\/div><\/div>\t\t\t\t\t\t<\/div>\n\t\t\t\t<\/div>\n\t\t\t\t<\/div>\n\t\t\t\t\t<\/details>\n\t\t\t\t\t\t<details id=\"e-n-accordion-item-4273\" class=\"e-n-accordion-item\" >\n\t\t\t\t<summary class=\"e-n-accordion-item-title\" data-accordion-index=\"4\" tabindex=\"-1\" aria-expanded=\"false\" aria-controls=\"e-n-accordion-item-4273\" >\n\t\t\t\t\t<span class='e-n-accordion-item-title-header'><div class=\"e-n-accordion-item-title-text\"> 4. Libre de temores. <\/div><\/span>\n\t\t\t\t\t\t\t<span class='e-n-accordion-item-title-icon'>\n\t\t\t<span class='e-opened' ><i aria-hidden=\"true\" class=\"fas fa-minus\"><\/i><\/span>\n\t\t\t<span class='e-closed'><i aria-hidden=\"true\" class=\"fas fa-plus\"><\/i><\/span>\n\t\t<\/span>\n\n\t\t\t\t\t\t<\/summary>\n\t\t\t\t<div role=\"region\" aria-labelledby=\"e-n-accordion-item-4273\" class=\"elementor-element elementor-element-be1b6df e-con-full e-flex e-con e-child\" data-id=\"be1b6df\" data-element_type=\"container\">\n\t\t\t\t<div class=\"elementor-element elementor-element-2dc6905 elementor-widget elementor-widget-text-editor\" data-id=\"2dc6905\" data-element_type=\"widget\" data-widget_type=\"text-editor.default\">\n\t\t\t\t<div class=\"elementor-widget-container\">\n\t\t\t\t\t\t\t<div class=\"et_pb_column et_pb_column_1_3 et_pb_column_1 et_pb_css_mix_blend_mode_passthrough\"><div class=\"et_pb_module et_pb_text et_pb_text_2 et_pb_text_align_left et_pb_bg_layout_light\"><div class=\"et_pb_text_inner\"><div class=\"et_pb_column et_pb_column_1_3 et_pb_column_2 et_pb_css_mix_blend_mode_passthrough\"><div class=\"et_pb_module et_pb_text et_pb_text_3 et_pb_text_align_left et_pb_bg_layout_light\"><div class=\"et_pb_text_inner\"><div class=\"et_pb_section et_pb_section_0 et_pb_with_background et_section_regular\"><div class=\"et_pb_row et_pb_row_1\"><div class=\"et_pb_column et_pb_column_1_3 et_pb_column_3 et_pb_css_mix_blend_mode_passthrough et-last-child\"><div class=\"et_pb_module et_pb_text et_pb_text_4 et_pb_text_align_left et_pb_bg_layout_light\"><div class=\"et_pb_text_inner\"><div class=\"et_pb_row et_pb_row_5\"><div class=\"et_pb_column et_pb_column_4_4 et_pb_column_5 et_pb_css_mix_blend_mode_passthrough et-last-child\"><div class=\"et_pb_module et_pb_text et_pb_text_9 et_pb_text_align_left et_pb_bg_layout_light\"><div class=\"et_pb_text_inner\"><div class=\"et_pb_row et_pb_row_3\"><div class=\"et_pb_column et_pb_column_1_2 et_pb_column_5 et_pb_css_mix_blend_mode_passthrough et-last-child\"><div class=\"et_pb_module et_pb_accordion et_pb_accordion_3 et_had_animation\" data-animation-style=\"fade\" data-animation-repeat=\"\" data-animation-duration=\"1000ms\" data-animation-delay=\"0ms\" data-animation-intensity=\"50%\" data-animation-starting-opacity=\"0%\" data-animation-speed-curve=\"ease-in-out\"><div class=\"et_pb_toggle et_pb_module et_pb_accordion_item et_pb_accordion_item_5 et_pb_toggle_open\"><div class=\"et_pb_toggle_content clearfix\"><div class=\"et_pb_section et_pb_section_0 et_pb_with_background et_section_regular\"><div class=\"et_pb_row et_pb_row_0\"><div class=\"et_pb_column et_pb_column_4_4 et_pb_column_0  et_pb_css_mix_blend_mode_passthrough et-last-child\"><div class=\"et_pb_module et_pb_accordion et_pb_accordion_0\"><div class=\"et_pb_toggle et_pb_module et_pb_accordion_item et_pb_accordion_item_3 et_pb_toggle_open\"><div class=\"et_pb_toggle_content clearfix\"><p>Es condici\u00f3n b\u00e1sica para trabajar en\u00a0<strong>Kpra S.L.\u00a0<\/strong>el hecho de que te gusten los animales y as\u00ed ofrecerles el respeto y cuidados que se merecen. Adem\u00e1s prevenimos que animales intrusos a la explotaci\u00f3n no puedan acceder a nuestras instalaciones.<\/p><\/div><\/div><\/div><\/div><\/div><\/div><div class=\"et_pb_section et_pb_section_1 et_pb_with_background et_section_regular\"><div class=\"et_pb_row et_pb_row_1\"><div class=\"et_pb_column et_pb_column_4_4 et_pb_column_1  et_pb_css_mix_blend_mode_passthrough et-last-child\"><div class=\"et_pb_module et_pb_text et_pb_text_1  et_pb_text_align_left et_pb_bg_layout_light\"><div class=\"et_pb_text_inner\"><div id=\"contcuerpocon\">\u00a0<\/div><\/div><\/div><\/div><\/div><\/div><\/div><\/div><\/div><\/div><\/div><\/div><\/div><\/div><\/div><\/div><\/div><\/div><\/div><\/div><\/div><\/div><\/div><\/div><\/div><\/div>\t\t\t\t\t\t<\/div>\n\t\t\t\t<\/div>\n\t\t\t\t<\/div>\n\t\t\t\t\t<\/details>\n\t\t\t\t\t<\/div>\n\t\t\t\t<\/div>\n\t\t\t\t<\/div>\n\t\t\t\t<\/div>\n\t\t\t\t<\/div>\n\t\t<div class=\"elementor-element elementor-element-79212b9 e-con-full e-flex e-con e-child\" data-id=\"79212b9\" data-element_type=\"container\">\n\t\t\t\t<div class=\"elementor-element elementor-element-b28bf87 elementor-widget elementor-widget-image\" data-id=\"b28bf87\" data-element_type=\"widget\" data-widget_type=\"image.default\">\n\t\t\t\t<div class=\"elementor-widget-container\">\n\t\t\t<style>\/*! elementor - v3.23.0 - 05-08-2024 *\/\n.elementor-widget-image{text-align:center}.elementor-widget-image a{display:inline-block}.elementor-widget-image a img[src$=\".svg\"]{width:48px}.elementor-widget-image img{vertical-align:middle;display:inline-block}<\/style>\t\t\t\t\t\t\t\t\t\t<img fetchpriority=\"high\" decoding=\"async\" width=\"1024\" height=\"683\" src=\"https:\/\/kpra.es\/wp-content\/uploads\/2024\/08\/Manejo-1-1-1024x683.jpg\" class=\"attachment-large size-large wp-image-242\" alt=\"\" srcset=\"https:\/\/kpra.es\/wp-content\/uploads\/2024\/08\/Manejo-1-1-1024x683.jpg 1024w, https:\/\/kpra.es\/wp-content\/uploads\/2024\/08\/Manejo-1-1-300x200.jpg 300w, https:\/\/kpra.es\/wp-content\/uploads\/2024\/08\/Manejo-1-1-768x512.jpg 768w, https:\/\/kpra.es\/wp-content\/uploads\/2024\/08\/Manejo-1-1.jpg 1440w\" sizes=\"(max-width: 1024px) 100vw, 1024px\" \/>\t\t\t\t\t\t\t\t\t\t\t\t\t<\/div>\n\t\t\t\t<\/div>\n\t\t\t\t<\/div>\n\t\t\t\t<\/div>\n\t\t\t\t\t<\/div>\n\t\t\t\t<\/div>\n\t\t<div class=\"elementor-element elementor-element-5c2e3c7 e-flex e-con-boxed e-con e-child\" data-id=\"5c2e3c7\" data-element_type=\"container\">\n\t\t\t\t\t<div class=\"e-con-inner\">\n\t\t<div class=\"elementor-element elementor-element-fc7ac3f e-con-full e-flex e-con e-child\" data-id=\"fc7ac3f\" data-element_type=\"container\">\n\t\t<div class=\"elementor-element elementor-element-366b8a8 e-con-full e-flex e-con e-child\" data-id=\"366b8a8\" data-element_type=\"container\">\n\t\t\t\t<div class=\"elementor-element elementor-element-4461985 elementor-widget elementor-widget-text-editor\" data-id=\"4461985\" data-element_type=\"widget\" data-widget_type=\"text-editor.default\">\n\t\t\t\t<div class=\"elementor-widget-container\">\n\t\t\t\t\t\t\t<p>En la\u00a0<strong>Organizaci\u00f3n Productiva<\/strong>\u00a0el manejo lo hacemos por lotes de animales que organizamos por parideras. As\u00ed disponemos de 7 lotes en producci\u00f3n de leche de unos 500 animales cada uno que est\u00e1n separados cada 2-3 meses. De \u00e9sta manera siempre tenemos en orde\u00f1o seis lotes y el s\u00e9ptimo se encuentra en per\u00edodo de secado. Este sistema nos permite ofrecer leche en cantidad y calidad constante durante todo el a\u00f1o. Adem\u00e1s, esto permite que nuestro personal est\u00e9 especializado en cada una de las tareas rutinarias de granja.<\/p><p>Respecto al Timing tenemos planificado en el calendario todos los programas sanitarios y de manejo (vacunaciones, desparasitaci\u00f3n, cubriciones, ecograf\u00edas, parideras, destetes, etc.). Y en cuanto a los horarios sabemos que en una granja es dif\u00edcil tener horarios pero procuramos que las acciones rutinarias (orde\u00f1o, comidas, encalostramiento, etc.) hacerlas siempre a la misma hora independientemente del d\u00eda que sea.<\/p>\t\t\t\t\t\t<\/div>\n\t\t\t\t<\/div>\n\t\t\t\t<\/div>\n\t\t\t\t<\/div>\n\t\t\t\t\t<\/div>\n\t\t\t\t<\/div>\n\t\t<div class=\"elementor-element elementor-element-fc8887b e-flex e-con-boxed e-con e-parent\" data-id=\"fc8887b\" data-element_type=\"container\">\n\t\t\t\t\t<div class=\"e-con-inner\">\n\t\t<div class=\"elementor-element elementor-element-bcb929d e-con-full e-flex e-con e-child\" data-id=\"bcb929d\" data-element_type=\"container\">\n\t\t\t\t<div class=\"elementor-element elementor-element-9b95c26 elementor-widget elementor-widget-image\" data-id=\"9b95c26\" data-element_type=\"widget\" data-widget_type=\"image.default\">\n\t\t\t\t<div class=\"elementor-widget-container\">\n\t\t\t\t\t\t\t\t\t\t\t\t\t<img decoding=\"async\" width=\"960\" height=\"640\" src=\"https:\/\/kpra.es\/wp-content\/uploads\/2024\/08\/Manejo-3.jpg\" class=\"attachment-large size-large wp-image-243\" alt=\"\" srcset=\"https:\/\/kpra.es\/wp-content\/uploads\/2024\/08\/Manejo-3.jpg 960w, https:\/\/kpra.es\/wp-content\/uploads\/2024\/08\/Manejo-3-300x200.jpg 300w, https:\/\/kpra.es\/wp-content\/uploads\/2024\/08\/Manejo-3-768x512.jpg 768w\" sizes=\"(max-width: 960px) 100vw, 960px\" \/>\t\t\t\t\t\t\t\t\t\t\t\t\t<\/div>\n\t\t\t\t<\/div>\n\t\t\t\t<\/div>\n\t\t<div class=\"elementor-element elementor-element-8f239f9 e-con-full e-flex e-con e-child\" data-id=\"8f239f9\" data-element_type=\"container\">\n\t\t\t\t<div class=\"elementor-element elementor-element-375fc61 elementor-widget elementor-widget-image\" data-id=\"375fc61\" data-element_type=\"widget\" data-widget_type=\"image.default\">\n\t\t\t\t<div class=\"elementor-widget-container\">\n\t\t\t\t\t\t\t\t\t\t\t\t\t<img decoding=\"async\" width=\"960\" height=\"640\" src=\"https:\/\/kpra.es\/wp-content\/uploads\/2024\/08\/Manejo-2-1.jpg\" class=\"attachment-large size-large wp-image-245\" alt=\"\" srcset=\"https:\/\/kpra.es\/wp-content\/uploads\/2024\/08\/Manejo-2-1.jpg 960w, https:\/\/kpra.es\/wp-content\/uploads\/2024\/08\/Manejo-2-1-300x200.jpg 300w, https:\/\/kpra.es\/wp-content\/uploads\/2024\/08\/Manejo-2-1-768x512.jpg 768w\" sizes=\"(max-width: 960px) 100vw, 960px\" \/>\t\t\t\t\t\t\t\t\t\t\t\t\t<\/div>\n\t\t\t\t<\/div>\n\t\t\t\t<\/div>\n\t\t\t\t\t<\/div>\n\t\t\t\t<\/div>\n\t\t\t\t<\/div>\n\t\t","protected":false},"excerpt":{"rendered":"<p>Manejo Un buen manejo de los animales ofrece las garant\u00edas adicionales para obtener la rentabilidad de la explotaci\u00f3n.\u00a0El pilar es asegurar el\u00a0Bienestar Animal,\u00a0que se basa en 4 puntos de referencia. 1. Garantizar el suministro no competitivo de alimentos. Apropiados y equilibrados seg\u00fan sus necesidades y asegurar una libre disposici\u00f3n de agua fresca y limpia. 2. [&hellip;]<\/p>\n","protected":false},"author":1,"featured_media":0,"parent":0,"menu_order":0,"comment_status":"closed","ping_status":"closed","template":"","meta":{"_acf_changed":false,"footnotes":""},"class_list":["post-240","page","type-page","status-publish","hentry"],"acf":[],"_links":{"self":[{"href":"https:\/\/kpra.es\/index.php\/wp-json\/wp\/v2\/pages\/240","targetHints":{"allow":["GET"]}}],"collection":[{"href":"https:\/\/kpra.es\/index.php\/wp-json\/wp\/v2\/pages"}],"about":[{"href":"https:\/\/kpra.es\/index.php\/wp-json\/wp\/v2\/types\/page"}],"author":[{"embeddable":true,"href":"https:\/\/kpra.es\/index.php\/wp-json\/wp\/v2\/users\/1"}],"replies":[{"embeddable":true,"href":"https:\/\/kpra.es\/index.php\/wp-json\/wp\/v2\/comments?post=240"}],"version-history":[{"count":25,"href":"https:\/\/kpra.es\/index.php\/wp-json\/wp\/v2\/pages\/240\/revisions"}],"predecessor-version":[{"id":771,"href":"https:\/\/kpra.es\/index.php\/wp-json\/wp\/v2\/pages\/240\/revisions\/771"}],"wp:attachment":[{"href":"https:\/\/kpra.es\/index.php\/wp-json\/wp\/v2\/media?parent=240"}],"curies":[{"name":"wp","href":"https:\/\/api.w.org\/{rel}","templated":true}]}}