{"id":249,"date":"2024-08-14T13:30:53","date_gmt":"2024-08-14T11:30:53","guid":{"rendered":"https:\/\/kpra.es\/?page_id=249"},"modified":"2024-12-02T14:22:10","modified_gmt":"2024-12-02T13:22:10","slug":"leche","status":"publish","type":"page","link":"https:\/\/kpra.es\/index.php\/leche\/","title":{"rendered":"Leche"},"content":{"rendered":"\t\t<div data-elementor-type=\"wp-page\" data-elementor-id=\"249\" class=\"elementor elementor-249\" data-elementor-post-type=\"page\">\n\t\t\t\t<div class=\"elementor-element elementor-element-48da214 e-flex e-con-boxed e-con e-parent\" data-id=\"48da214\" data-element_type=\"container\">\n\t\t\t\t\t<div class=\"e-con-inner\">\n\t\t<div class=\"elementor-element elementor-element-0037580 e-con-full e-flex e-con e-child\" data-id=\"0037580\" data-element_type=\"container\">\n\t\t<div class=\"elementor-element elementor-element-a828796 e-con-full e-flex e-con e-child\" data-id=\"a828796\" data-element_type=\"container\">\n\t\t\t\t<div class=\"elementor-element elementor-element-0957de1 elementor-widget elementor-widget-heading\" data-id=\"0957de1\" data-element_type=\"widget\" data-widget_type=\"heading.default\">\n\t\t\t\t<div class=\"elementor-widget-container\">\n\t\t\t<style>\/*! elementor - v3.23.0 - 05-08-2024 *\/\n.elementor-heading-title{padding:0;margin:0;line-height:1}.elementor-widget-heading .elementor-heading-title[class*=elementor-size-]>a{color:inherit;font-size:inherit;line-height:inherit}.elementor-widget-heading .elementor-heading-title.elementor-size-small{font-size:15px}.elementor-widget-heading .elementor-heading-title.elementor-size-medium{font-size:19px}.elementor-widget-heading .elementor-heading-title.elementor-size-large{font-size:29px}.elementor-widget-heading .elementor-heading-title.elementor-size-xl{font-size:39px}.elementor-widget-heading .elementor-heading-title.elementor-size-xxl{font-size:59px}<\/style><h1 class=\"elementor-heading-title elementor-size-default\">Leche<\/h1>\t\t<\/div>\n\t\t\t\t<\/div>\n\t\t\t\t<\/div>\n\t\t\t\t<div class=\"elementor-element elementor-element-28a221e elementor-widget elementor-widget-text-editor\" data-id=\"28a221e\" data-element_type=\"widget\" data-widget_type=\"text-editor.default\">\n\t\t\t\t<div class=\"elementor-widget-container\">\n\t\t\t<style>\/*! elementor - v3.23.0 - 05-08-2024 *\/\n.elementor-widget-text-editor.elementor-drop-cap-view-stacked .elementor-drop-cap{background-color:#69727d;color:#fff}.elementor-widget-text-editor.elementor-drop-cap-view-framed .elementor-drop-cap{color:#69727d;border:3px solid;background-color:transparent}.elementor-widget-text-editor:not(.elementor-drop-cap-view-default) .elementor-drop-cap{margin-top:8px}.elementor-widget-text-editor:not(.elementor-drop-cap-view-default) .elementor-drop-cap-letter{width:1em;height:1em}.elementor-widget-text-editor .elementor-drop-cap{float:left;text-align:center;line-height:1;font-size:50px}.elementor-widget-text-editor .elementor-drop-cap-letter{display:inline-block}<\/style>\t\t\t\t<p>La leche es una secreci\u00f3n nutritiva de color blanquecino opaco producida por las gl\u00e1ndulas mamarias de las hembras de los mam\u00edferos con el primer objetivo de alimentar sus cr\u00edas.\u00a0Se trata de un alimento b\u00e1sico utilizado por el hombre desde sus or\u00edgenes.<\/p><p>En particular,\u00a0<strong>la leche de cabra<\/strong>\u00a0es de un color m\u00e1s blanco que la de vaca, con sabor y aroma m\u00e1s intenso, de mayor digestibilidad por el menor tama\u00f1o de sus gl\u00f3bulos de grasa y por ello es recomendada por m\u00e9dicos especialmente para ni\u00f1os peque\u00f1os, personas mayores y para aquellas personas con problemas de intolerancia a la leche de vaca. Sus cualidades alimenticias son m\u00e1s interesantes que la leche de vaca.<\/p><p>En\u00a0<strong>Kpra S.L.<\/strong>\u00a0cumplimos estrictamente todas las medidas y condiciones necesarias sobre higiene alimentaria recogidas en el reglamento CE 852\/2004; igualmente nos ajustamos a la obligaciones referidas a trazabilidad del RD 947\/2005 y artic. 18 del reglamento CE 178\/2002.<\/p>\t\t\t\t\t\t<\/div>\n\t\t\t\t<\/div>\n\t\t\t\t<\/div>\n\t\t\t\t\t<\/div>\n\t\t\t\t<\/div>\n\t\t<div class=\"elementor-element elementor-element-2461cb9 e-flex e-con-boxed e-con e-parent\" data-id=\"2461cb9\" data-element_type=\"container\">\n\t\t\t\t\t<div class=\"e-con-inner\">\n\t\t<div class=\"elementor-element elementor-element-1baa5bf e-con-full e-flex e-con e-child\" data-id=\"1baa5bf\" data-element_type=\"container\">\n\t\t<div class=\"elementor-element elementor-element-c43a59f e-con-full e-flex e-con e-child\" data-id=\"c43a59f\" data-element_type=\"container\">\n\t\t<div class=\"elementor-element elementor-element-82d6ddb e-con-full e-flex e-con e-child\" data-id=\"82d6ddb\" data-element_type=\"container\">\n\t\t\t\t<div class=\"elementor-element elementor-element-e479efc elementor-widget elementor-widget-image\" data-id=\"e479efc\" data-element_type=\"widget\" data-widget_type=\"image.default\">\n\t\t\t\t<div class=\"elementor-widget-container\">\n\t\t\t<style>\/*! elementor - v3.23.0 - 05-08-2024 *\/\n.elementor-widget-image{text-align:center}.elementor-widget-image a{display:inline-block}.elementor-widget-image a img[src$=\".svg\"]{width:48px}.elementor-widget-image img{vertical-align:middle;display:inline-block}<\/style>\t\t\t\t\t\t\t\t\t\t<img fetchpriority=\"high\" decoding=\"async\" width=\"400\" height=\"600\" src=\"https:\/\/kpra.es\/wp-content\/uploads\/2024\/08\/Leche.jpg\" class=\"attachment-large size-large wp-image-252\" alt=\"\" srcset=\"https:\/\/kpra.es\/wp-content\/uploads\/2024\/08\/Leche.jpg 400w, https:\/\/kpra.es\/wp-content\/uploads\/2024\/08\/Leche-200x300.jpg 200w\" sizes=\"(max-width: 400px) 100vw, 400px\" \/>\t\t\t\t\t\t\t\t\t\t\t\t\t<\/div>\n\t\t\t\t<\/div>\n\t\t\t\t<\/div>\n\t\t\t\t<\/div>\n\t\t\t\t<\/div>\n\t\t<div class=\"elementor-element elementor-element-a94d763 e-con-full e-flex e-con e-child\" data-id=\"a94d763\" data-element_type=\"container\" data-settings=\"{&quot;background_background&quot;:&quot;classic&quot;}\">\n\t\t<div class=\"elementor-element elementor-element-9746036 e-con-full e-flex e-con e-child\" data-id=\"9746036\" data-element_type=\"container\">\n\t\t\t\t<div class=\"elementor-element elementor-element-d7bb29d elementor-widget elementor-widget-text-editor\" data-id=\"d7bb29d\" data-element_type=\"widget\" data-widget_type=\"text-editor.default\">\n\t\t\t\t<div class=\"elementor-widget-container\">\n\t\t\t\t\t\t\t<div class=\"et_pb_row et_pb_row_0\"><div class=\"et_pb_column et_pb_column_4_4 et_pb_column_0 et_pb_css_mix_blend_mode_passthrough et-last-child\"><div class=\"et_pb_module et_pb_text et_pb_text_0 et_pb_text_align_left et_pb_bg_layout_light\"><div class=\"et_pb_text_inner\"><div class=\"et_pb_section et_pb_section_0 et_pb_with_background et_section_regular\"><div class=\"et_pb_row et_pb_row_2\"><div class=\"et_pb_column et_pb_column_4_4 et_pb_column_3 et_pb_css_mix_blend_mode_passthrough et-last-child\"><div class=\"et_pb_module et_pb_text et_pb_text_2 et_pb_text_align_left et_pb_bg_layout_light\"><div class=\"et_pb_text_inner\"><p>La leche es una secreci\u00f3n nutritiva de color blanquecino opaco producida por las gl\u00e1ndulas mamarias de las hembras de los mam\u00edferos con el primer objetivo de alimentar sus cr\u00edas.\u00a0Se trata de un alimento b\u00e1sico utilizado por el hombre desde sus or\u00edgenes.<\/p><p>En particular,\u00a0<strong>la leche de cabra<\/strong>\u00a0es de un color m\u00e1s blanco que la de vaca, con sabor y aroma m\u00e1s intenso, de mayor digestibilidad por el menor tama\u00f1o de sus gl\u00f3bulos de grasa y por ello es recomendada por m\u00e9dicos especialmente para ni\u00f1os peque\u00f1os, personas mayores y para aquellas personas con problemas de intolerancia a la leche de vaca. Sus cualidades alimenticias son m\u00e1s interesantes que la leche de vaca.<\/p><p>En\u00a0<strong>Kpra S.L.<\/strong>\u00a0cumplimos estrictamente todas las medidas y condiciones necesarias sobre higiene alimentaria recogidas en el reglamento CE 852\/2004; igualmente nos ajustamos a la obligaciones referidas a trazabilidad del RD 947\/2005 y artic. 18 del reglamento CE 178\/2002.<\/p><\/div><\/div><\/div><\/div><\/div><\/div><\/div><\/div><\/div>\t\t\t\t\t\t<\/div>\n\t\t\t\t<\/div>\n\t\t\t\t<\/div>\n\t\t\t\t<\/div>\n\t\t\t\t\t<\/div>\n\t\t\t\t<\/div>\n\t\t<div class=\"elementor-element elementor-element-60fc87f e-flex e-con-boxed e-con e-parent\" data-id=\"60fc87f\" data-element_type=\"container\">\n\t\t\t\t\t<div class=\"e-con-inner\">\n\t\t\t\t<div class=\"elementor-element elementor-element-8643e9f elementor-widget elementor-widget-heading\" data-id=\"8643e9f\" data-element_type=\"widget\" data-widget_type=\"heading.default\">\n\t\t\t\t<div class=\"elementor-widget-container\">\n\t\t\t<h2 class=\"elementor-heading-title elementor-size-default\">Nuestro objetivo es proporcionar a las industrias lecheras una materia prima de primera calidad y as\u00ed ofrecer al consumidor final un excelente producto final.\n\n<\/h2>\t\t<\/div>\n\t\t\t\t<\/div>\n\t\t\t\t\t<\/div>\n\t\t\t\t<\/div>\n\t\t<div class=\"elementor-element elementor-element-786f080 e-flex e-con-boxed e-con e-parent\" data-id=\"786f080\" data-element_type=\"container\" data-settings=\"{&quot;background_background&quot;:&quot;classic&quot;}\">\n\t\t\t\t\t<div class=\"e-con-inner\">\n\t\t<div class=\"elementor-element elementor-element-334075d e-con-full e-flex e-con e-child\" data-id=\"334075d\" data-element_type=\"container\">\n\t\t<div class=\"elementor-element elementor-element-8586c95 e-con-full e-flex e-con e-child\" data-id=\"8586c95\" data-element_type=\"container\">\n\t\t\t\t<div class=\"elementor-element elementor-element-e7d014a elementor-widget elementor-widget-counter\" data-id=\"e7d014a\" data-element_type=\"widget\" data-widget_type=\"counter.default\">\n\t\t\t\t<div class=\"elementor-widget-container\">\n\t\t\t<style>\/*! elementor - v3.23.0 - 05-08-2024 *\/\n.elementor-counter{display:flex;justify-content:center;align-items:stretch;flex-direction:column-reverse}.elementor-counter .elementor-counter-number{flex-grow:var(--counter-number-grow,0)}.elementor-counter .elementor-counter-number-wrapper{flex:1;display:flex;font-size:69px;font-weight:600;line-height:1;text-align:center}.elementor-counter .elementor-counter-number-prefix{text-align:end;flex-grow:var(--counter-prefix-grow,1);white-space:pre-wrap}.elementor-counter .elementor-counter-number-suffix{text-align:start;flex-grow:var(--counter-suffix-grow,1);white-space:pre-wrap}.elementor-counter .elementor-counter-title{flex:1;display:flex;justify-content:center;align-items:center;margin:0;padding:0;font-size:19px;font-weight:400;line-height:2.5}<\/style>\t\t<div class=\"elementor-counter\">\n\t\t\t\t\t\t<div class=\"elementor-counter-number-wrapper\">\n\t\t\t\t<span class=\"elementor-counter-number-prefix\"><\/span>\n\t\t\t\t<span class=\"elementor-counter-number\" data-duration=\"2000\" data-to-value=\"650\" data-from-value=\"0\" data-delimiter=\",\">0<\/span>\n\t\t\t\t<span class=\"elementor-counter-number-suffix\"><\/span>\n\t\t\t<\/div>\n\t\t<\/div>\n\t\t\t\t<\/div>\n\t\t\t\t<\/div>\n\t\t\t\t<\/div>\n\t\t<div class=\"elementor-element elementor-element-7a87d43 e-con-full e-flex e-con e-child\" data-id=\"7a87d43\" data-element_type=\"container\">\n\t\t\t\t<div class=\"elementor-element elementor-element-a096916 elementor-widget elementor-widget-heading\" data-id=\"a096916\" data-element_type=\"widget\" data-widget_type=\"heading.default\">\n\t\t\t\t<div class=\"elementor-widget-container\">\n\t\t\t<h2 class=\"elementor-heading-title elementor-size-default\">Litros por lactaci\u00f3n\n<\/h2>\t\t<\/div>\n\t\t\t\t<\/div>\n\t\t\t\t<\/div>\n\t\t\t\t<\/div>\n\t\t<div class=\"elementor-element elementor-element-bd454db e-con-full e-flex e-con e-child\" data-id=\"bd454db\" data-element_type=\"container\">\n\t\t<div class=\"elementor-element elementor-element-6454678 e-con-full e-flex e-con e-child\" data-id=\"6454678\" data-element_type=\"container\">\n\t\t\t\t<div class=\"elementor-element elementor-element-2d8e8e0 elementor-widget elementor-widget-counter\" data-id=\"2d8e8e0\" data-element_type=\"widget\" data-widget_type=\"counter.default\">\n\t\t\t\t<div class=\"elementor-widget-container\">\n\t\t\t\t\t<div class=\"elementor-counter\">\n\t\t\t\t\t\t<div class=\"elementor-counter-number-wrapper\">\n\t\t\t\t<span class=\"elementor-counter-number-prefix\"><\/span>\n\t\t\t\t<span class=\"elementor-counter-number\" data-duration=\"2000\" data-to-value=\"4600\" data-from-value=\"0\" data-delimiter=\",\">0<\/span>\n\t\t\t\t<span class=\"elementor-counter-number-suffix\"><\/span>\n\t\t\t<\/div>\n\t\t<\/div>\n\t\t\t\t<\/div>\n\t\t\t\t<\/div>\n\t\t\t\t<\/div>\n\t\t<div class=\"elementor-element elementor-element-4c0b312 e-con-full e-flex e-con e-child\" data-id=\"4c0b312\" data-element_type=\"container\">\n\t\t\t\t<div class=\"elementor-element elementor-element-b4be7a7 elementor-widget elementor-widget-heading\" data-id=\"b4be7a7\" data-element_type=\"widget\" data-widget_type=\"heading.default\">\n\t\t\t\t<div class=\"elementor-widget-container\">\n\t\t\t<h2 class=\"elementor-heading-title elementor-size-default\">Litros de leche por d\u00eda\n<\/h2>\t\t<\/div>\n\t\t\t\t<\/div>\n\t\t\t\t<\/div>\n\t\t\t\t<\/div>\n\t\t\t\t\t<\/div>\n\t\t\t\t<\/div>\n\t\t<div class=\"elementor-element elementor-element-7293a98 e-flex e-con-boxed e-con e-parent\" data-id=\"7293a98\" data-element_type=\"container\">\n\t\t\t\t\t<div class=\"e-con-inner\">\n\t\t<div class=\"elementor-element elementor-element-0e251d5 e-con-full e-flex e-con e-child\" data-id=\"0e251d5\" data-element_type=\"container\">\n\t\t<div class=\"elementor-element elementor-element-eb6f326 e-con-full e-flex e-con e-child\" data-id=\"eb6f326\" data-element_type=\"container\">\n\t\t<div class=\"elementor-element elementor-element-514db56 e-con-full e-flex e-con e-child\" data-id=\"514db56\" data-element_type=\"container\">\n\t\t\t\t<div class=\"elementor-element elementor-element-b6bccdf elementor-widget elementor-widget-image\" data-id=\"b6bccdf\" data-element_type=\"widget\" data-widget_type=\"image.default\">\n\t\t\t\t<div class=\"elementor-widget-container\">\n\t\t\t\t\t\t\t\t\t\t\t\t\t<img decoding=\"async\" width=\"900\" height=\"600\" src=\"https:\/\/kpra.es\/wp-content\/uploads\/2024\/08\/Leche-2-1.jpg\" class=\"attachment-large size-large wp-image-251\" alt=\"\" srcset=\"https:\/\/kpra.es\/wp-content\/uploads\/2024\/08\/Leche-2-1.jpg 900w, https:\/\/kpra.es\/wp-content\/uploads\/2024\/08\/Leche-2-1-300x200.jpg 300w, https:\/\/kpra.es\/wp-content\/uploads\/2024\/08\/Leche-2-1-768x512.jpg 768w\" sizes=\"(max-width: 900px) 100vw, 900px\" \/>\t\t\t\t\t\t\t\t\t\t\t\t\t<\/div>\n\t\t\t\t<\/div>\n\t\t\t\t<\/div>\n\t\t\t\t<\/div>\n\t\t\t\t<\/div>\n\t\t\t\t\t<\/div>\n\t\t\t\t<\/div>\n\t\t<div class=\"elementor-element elementor-element-e100177 e-flex e-con-boxed e-con e-parent\" data-id=\"e100177\" data-element_type=\"container\">\n\t\t\t\t\t<div class=\"e-con-inner\">\n\t\t<div class=\"elementor-element elementor-element-876dd85 e-con-full e-flex e-con e-child\" data-id=\"876dd85\" data-element_type=\"container\">\n\t\t\t\t<div class=\"elementor-element elementor-element-6959301 elementor-widget elementor-widget-text-editor\" data-id=\"6959301\" data-element_type=\"widget\" data-widget_type=\"text-editor.default\">\n\t\t\t\t<div class=\"elementor-widget-container\">\n\t\t\t\t\t\t\t<p>Desde las ubres de las cabras, la leche es llevada directamente a los tanques refrigerantes, donde disminuye su temperatura por debajo de 4\u00baC para asegurar un correcto almacenamiento y conservaci\u00f3n de la leche con el fin de que su calidad no se vea alterada y as\u00ed obtener la excelencia de calidad y poder ofrecer desde el punto de vista f\u00edsico-qu\u00edmico y desde el punto de vista higi\u00e9nico-sanitario garant\u00edas del cumplimiento de la Normativa Comunitaria vigente:\u00a0Reglamento (CE) n\u00ba 853\/2004 del Parlamento Europeo y del Consejo, de 29 de Abril de 2004, por el que se establecen normas espec\u00edficas de higiene de los alimentos de origen animal y la normativa espa\u00f1ola correspondiente: RD 640\/2006, por el que se regulan determinadas condiciones de aplicaci\u00f3n de las disposiciones comunitarias en materia de higiene, de la producci\u00f3n y comercializaci\u00f3n de los productos alimenticios.<\/p><p>Otra de las activades realizadas consiste en controles t\u00e9cnicos de las m\u00e1quinas de orde\u00f1o siguiendo la Norma UNE 68061\u00a0(1998) \u00abEnsayos Mec\u00e1nicos\u00bb, cuya finalidad es verificar que las m\u00e1quinas cumplen con los requisitos de dise\u00f1o y funcionamiento que marcan las Normas UNE 68048 (1998), 68050 (1998), 68078 (2004).<\/p><p>Nuestros animales ofrecen unos rendimientos excelentes y desde 1999 estamos en continuo crecimiento en la producci\u00f3n de leche.<\/p>\t\t\t\t\t\t<\/div>\n\t\t\t\t<\/div>\n\t\t\t\t<\/div>\n\t\t\t\t\t<\/div>\n\t\t\t\t<\/div>\n\t\t<div class=\"elementor-element elementor-element-f76d655 e-flex e-con-boxed e-con e-parent\" data-id=\"f76d655\" data-element_type=\"container\">\n\t\t\t\t\t<div class=\"e-con-inner\">\n\t\t<div class=\"elementor-element elementor-element-d0e6f47 e-con-full e-flex e-con e-child\" data-id=\"d0e6f47\" data-element_type=\"container\">\n\t\t\t\t<div class=\"elementor-element elementor-element-326f772 elementor-widget elementor-widget-heading\" data-id=\"326f772\" data-element_type=\"widget\" data-widget_type=\"heading.default\">\n\t\t\t\t<div class=\"elementor-widget-container\">\n\t\t\t<h1 class=\"elementor-heading-title elementor-size-default\">Tablas de calidad y producci\u00f3n Kpra S.L\n<\/h1>\t\t<\/div>\n\t\t\t\t<\/div>\n\t\t\t\t<\/div>\n\t\t<div class=\"elementor-element elementor-element-e268d59 e-con-full e-flex e-con e-child\" data-id=\"e268d59\" data-element_type=\"container\" data-settings=\"{&quot;background_background&quot;:&quot;classic&quot;}\">\n\t\t<div class=\"elementor-element elementor-element-5395a57 e-con-full e-flex e-con e-child\" data-id=\"5395a57\" data-element_type=\"container\">\n\t\t<div class=\"elementor-element elementor-element-a40ccfa e-con-full e-flex e-con e-child\" data-id=\"a40ccfa\" data-element_type=\"container\" data-settings=\"{&quot;background_background&quot;:&quot;classic&quot;}\">\n\t\t<div class=\"elementor-element elementor-element-6bd2273 e-con-full e-flex e-con e-child\" data-id=\"6bd2273\" data-element_type=\"container\">\n\t\t\t\t<div class=\"elementor-element elementor-element-6e8d2d4 elementor-widget elementor-widget-image\" data-id=\"6e8d2d4\" data-element_type=\"widget\" data-widget_type=\"image.default\">\n\t\t\t\t<div class=\"elementor-widget-container\">\n\t\t\t\t\t\t\t\t\t\t\t\t\t<img decoding=\"async\" width=\"960\" height=\"720\" src=\"https:\/\/kpra.es\/wp-content\/uploads\/2024\/08\/Diapositiva2.jpg\" class=\"attachment-large size-large wp-image-254\" alt=\"\" srcset=\"https:\/\/kpra.es\/wp-content\/uploads\/2024\/08\/Diapositiva2.jpg 960w, https:\/\/kpra.es\/wp-content\/uploads\/2024\/08\/Diapositiva2-300x225.jpg 300w, https:\/\/kpra.es\/wp-content\/uploads\/2024\/08\/Diapositiva2-768x576.jpg 768w\" sizes=\"(max-width: 960px) 100vw, 960px\" \/>\t\t\t\t\t\t\t\t\t\t\t\t\t<\/div>\n\t\t\t\t<\/div>\n\t\t\t\t<\/div>\n\t\t<div class=\"elementor-element elementor-element-3cee387 e-con-full e-flex e-con e-child\" data-id=\"3cee387\" data-element_type=\"container\">\n\t\t\t\t<div class=\"elementor-element elementor-element-76d8aa4 elementor-widget elementor-widget-image\" data-id=\"76d8aa4\" data-element_type=\"widget\" data-widget_type=\"image.default\">\n\t\t\t\t<div class=\"elementor-widget-container\">\n\t\t\t\t\t\t\t\t\t\t\t\t\t<img loading=\"lazy\" decoding=\"async\" width=\"960\" height=\"720\" src=\"https:\/\/kpra.es\/wp-content\/uploads\/2024\/08\/Diapositiva3.jpg\" class=\"attachment-large size-large wp-image-255\" alt=\"\" srcset=\"https:\/\/kpra.es\/wp-content\/uploads\/2024\/08\/Diapositiva3.jpg 960w, https:\/\/kpra.es\/wp-content\/uploads\/2024\/08\/Diapositiva3-300x225.jpg 300w, https:\/\/kpra.es\/wp-content\/uploads\/2024\/08\/Diapositiva3-768x576.jpg 768w\" sizes=\"(max-width: 960px) 100vw, 960px\" \/>\t\t\t\t\t\t\t\t\t\t\t\t\t<\/div>\n\t\t\t\t<\/div>\n\t\t\t\t<\/div>\n\t\t\t\t<\/div>\n\t\t\t\t<\/div>\n\t\t<div class=\"elementor-element elementor-element-a0ef2b9 e-con-full e-flex e-con e-child\" data-id=\"a0ef2b9\" data-element_type=\"container\">\n\t\t<div class=\"elementor-element elementor-element-0d2ecbd e-con-full e-flex e-con e-child\" data-id=\"0d2ecbd\" data-element_type=\"container\" data-settings=\"{&quot;background_background&quot;:&quot;classic&quot;}\">\n\t\t<div class=\"elementor-element elementor-element-bf04d04 e-con-full e-flex e-con e-child\" data-id=\"bf04d04\" data-element_type=\"container\">\n\t\t\t\t<div class=\"elementor-element elementor-element-2583b52 elementor-widget elementor-widget-image\" data-id=\"2583b52\" data-element_type=\"widget\" data-widget_type=\"image.default\">\n\t\t\t\t<div class=\"elementor-widget-container\">\n\t\t\t\t\t\t\t\t\t\t\t\t\t<img loading=\"lazy\" decoding=\"async\" width=\"960\" height=\"720\" src=\"https:\/\/kpra.es\/wp-content\/uploads\/2024\/08\/Diapositiva4.jpg\" class=\"attachment-large size-large wp-image-256\" alt=\"\" srcset=\"https:\/\/kpra.es\/wp-content\/uploads\/2024\/08\/Diapositiva4.jpg 960w, https:\/\/kpra.es\/wp-content\/uploads\/2024\/08\/Diapositiva4-300x225.jpg 300w, https:\/\/kpra.es\/wp-content\/uploads\/2024\/08\/Diapositiva4-768x576.jpg 768w\" sizes=\"(max-width: 960px) 100vw, 960px\" \/>\t\t\t\t\t\t\t\t\t\t\t\t\t<\/div>\n\t\t\t\t<\/div>\n\t\t\t\t<\/div>\n\t\t<div class=\"elementor-element elementor-element-0f4ff2e e-con-full e-flex e-con e-child\" data-id=\"0f4ff2e\" data-element_type=\"container\">\n\t\t\t\t<div class=\"elementor-element elementor-element-2ef7b21 elementor-widget elementor-widget-image\" data-id=\"2ef7b21\" data-element_type=\"widget\" data-widget_type=\"image.default\">\n\t\t\t\t<div class=\"elementor-widget-container\">\n\t\t\t\t\t\t\t\t\t\t\t\t\t<img loading=\"lazy\" decoding=\"async\" width=\"960\" height=\"720\" src=\"https:\/\/kpra.es\/wp-content\/uploads\/2024\/08\/Diapositiva5.jpg\" class=\"attachment-large size-large wp-image-257\" alt=\"\" srcset=\"https:\/\/kpra.es\/wp-content\/uploads\/2024\/08\/Diapositiva5.jpg 960w, https:\/\/kpra.es\/wp-content\/uploads\/2024\/08\/Diapositiva5-300x225.jpg 300w, https:\/\/kpra.es\/wp-content\/uploads\/2024\/08\/Diapositiva5-768x576.jpg 768w\" sizes=\"(max-width: 960px) 100vw, 960px\" \/>\t\t\t\t\t\t\t\t\t\t\t\t\t<\/div>\n\t\t\t\t<\/div>\n\t\t\t\t<\/div>\n\t\t\t\t<\/div>\n\t\t\t\t<\/div>\n\t\t\t\t<\/div>\n\t\t\t\t\t<\/div>\n\t\t\t\t<\/div>\n\t\t\t\t<\/div>\n\t\t","protected":false},"excerpt":{"rendered":"<p>Leche La leche es una secreci\u00f3n nutritiva de color blanquecino opaco producida por las gl\u00e1ndulas mamarias de las hembras de los mam\u00edferos con el primer objetivo de alimentar sus cr\u00edas.\u00a0Se trata de un alimento b\u00e1sico utilizado por el hombre desde sus or\u00edgenes. En particular,\u00a0la leche de cabra\u00a0es de un color m\u00e1s blanco que la de [&hellip;]<\/p>\n","protected":false},"author":1,"featured_media":0,"parent":0,"menu_order":0,"comment_status":"closed","ping_status":"closed","template":"","meta":{"_acf_changed":false,"footnotes":""},"class_list":["post-249","page","type-page","status-publish","hentry"],"acf":[],"_links":{"self":[{"href":"https:\/\/kpra.es\/index.php\/wp-json\/wp\/v2\/pages\/249","targetHints":{"allow":["GET"]}}],"collection":[{"href":"https:\/\/kpra.es\/index.php\/wp-json\/wp\/v2\/pages"}],"about":[{"href":"https:\/\/kpra.es\/index.php\/wp-json\/wp\/v2\/types\/page"}],"author":[{"embeddable":true,"href":"https:\/\/kpra.es\/index.php\/wp-json\/wp\/v2\/users\/1"}],"replies":[{"embeddable":true,"href":"https:\/\/kpra.es\/index.php\/wp-json\/wp\/v2\/comments?post=249"}],"version-history":[{"count":28,"href":"https:\/\/kpra.es\/index.php\/wp-json\/wp\/v2\/pages\/249\/revisions"}],"predecessor-version":[{"id":807,"href":"https:\/\/kpra.es\/index.php\/wp-json\/wp\/v2\/pages\/249\/revisions\/807"}],"wp:attachment":[{"href":"https:\/\/kpra.es\/index.php\/wp-json\/wp\/v2\/media?parent=249"}],"curies":[{"name":"wp","href":"https:\/\/api.w.org\/{rel}","templated":true}]}}