{"id":279,"date":"2024-08-26T08:23:10","date_gmt":"2024-08-26T06:23:10","guid":{"rendered":"https:\/\/kpra.es\/?page_id=279"},"modified":"2024-12-02T14:21:44","modified_gmt":"2024-12-02T13:21:44","slug":"venta-de-reproductores","status":"publish","type":"page","link":"https:\/\/kpra.es\/index.php\/venta-de-reproductores\/","title":{"rendered":"Venta de reproductores"},"content":{"rendered":"\t\t<div data-elementor-type=\"wp-page\" data-elementor-id=\"279\" class=\"elementor elementor-279\" data-elementor-post-type=\"page\">\n\t\t\t\t<div class=\"elementor-element elementor-element-86c6186 e-flex e-con-boxed e-con e-parent\" data-id=\"86c6186\" data-element_type=\"container\">\n\t\t\t\t\t<div class=\"e-con-inner\">\n\t\t<div class=\"elementor-element elementor-element-21048b2 e-con-full e-flex e-con e-child\" data-id=\"21048b2\" data-element_type=\"container\">\n\t\t<div class=\"elementor-element elementor-element-0312d51 e-con-full e-flex e-con e-child\" data-id=\"0312d51\" data-element_type=\"container\">\n\t\t\t\t<div class=\"elementor-element elementor-element-c3908eb elementor-widget elementor-widget-heading\" data-id=\"c3908eb\" data-element_type=\"widget\" data-widget_type=\"heading.default\">\n\t\t\t\t<div class=\"elementor-widget-container\">\n\t\t\t<style>\/*! elementor - v3.23.0 - 05-08-2024 *\/\n.elementor-heading-title{padding:0;margin:0;line-height:1}.elementor-widget-heading .elementor-heading-title[class*=elementor-size-]>a{color:inherit;font-size:inherit;line-height:inherit}.elementor-widget-heading .elementor-heading-title.elementor-size-small{font-size:15px}.elementor-widget-heading .elementor-heading-title.elementor-size-medium{font-size:19px}.elementor-widget-heading .elementor-heading-title.elementor-size-large{font-size:29px}.elementor-widget-heading .elementor-heading-title.elementor-size-xl{font-size:39px}.elementor-widget-heading .elementor-heading-title.elementor-size-xxl{font-size:59px}<\/style><h1 class=\"elementor-heading-title elementor-size-default\">Venta de reproductores<\/h1>\t\t<\/div>\n\t\t\t\t<\/div>\n\t\t\t\t<\/div>\n\t\t\t\t<div class=\"elementor-element elementor-element-3a70893 elementor-widget elementor-widget-text-editor\" data-id=\"3a70893\" data-element_type=\"widget\" data-widget_type=\"text-editor.default\">\n\t\t\t\t<div class=\"elementor-widget-container\">\n\t\t\t<style>\/*! elementor - v3.23.0 - 05-08-2024 *\/\n.elementor-widget-text-editor.elementor-drop-cap-view-stacked .elementor-drop-cap{background-color:#69727d;color:#fff}.elementor-widget-text-editor.elementor-drop-cap-view-framed .elementor-drop-cap{color:#69727d;border:3px solid;background-color:transparent}.elementor-widget-text-editor:not(.elementor-drop-cap-view-default) .elementor-drop-cap{margin-top:8px}.elementor-widget-text-editor:not(.elementor-drop-cap-view-default) .elementor-drop-cap-letter{width:1em;height:1em}.elementor-widget-text-editor .elementor-drop-cap{float:left;text-align:center;line-height:1;font-size:50px}.elementor-widget-text-editor .elementor-drop-cap-letter{display:inline-block}<\/style>\t\t\t\t<p><strong>En Kpra S.L.\u00a0<\/strong>somos conscientes de que la\u00a0selecci\u00f3n gen\u00e9tica<strong>\u00a0<\/strong>es el n\u00facleo poderoso para obtener una gran\u00a0<strong>rentabilidad\u00a0<\/strong>en la producci\u00f3n de leche.<\/p><p>Es obvio que para expresar al m\u00e1ximo el potencial gen\u00e9tico de nuestros animales hemos de cuidar las \u00e1reas de alimentaci\u00f3n, sanidad y manejo pero si carecemos de potencial gen\u00e9tico nuestros esfuerzos en \u00e9stas \u00e1reas quedar\u00e1n mermados.<\/p><p>Nuestros clientes de reproductores ocupan toda la geograf\u00eda espa\u00f1ola y los pa\u00edses mediterr\u00e1neos con especial menci\u00f3n a\u00a0\u00a0<strong>Portugal, Ruman\u00eda, Francia, Grecia e Italia<\/strong>.<\/p><p>La selecci\u00f3n de reproductores para iniciar nuevas explotaciones o reponer en explotaciones de caprino en funcionamiento es nuestra especialidad. Sabemos que quien compra gen\u00e9tica quiere calidad y seguridad por lo que todos nuestros esfuerzos se centran en \u00e9stos dos aspectos tan fundamentales.<\/p><p>Usted puede ver nuestro proceso de selecci\u00f3n en el apartado de\u00a0<strong>selecci\u00f3n gen\u00e9tica<\/strong>\u00a0y comprobar\u00e1 lo rigurosos que somos en \u00e9ste aspecto. Igualmente puede ver nuestro nivel sanitario en el apartado\u00a0<strong>sanidad<\/strong>\u00a0de \u00e9sta p\u00e1gina web.<\/p>\t\t\t\t\t\t<\/div>\n\t\t\t\t<\/div>\n\t\t\t\t<\/div>\n\t\t\t\t\t<\/div>\n\t\t\t\t<\/div>\n\t\t<div class=\"elementor-element elementor-element-9653487 e-flex e-con-boxed e-con e-parent\" data-id=\"9653487\" data-element_type=\"container\">\n\t\t\t\t\t<div class=\"e-con-inner\">\n\t\t<div class=\"elementor-element elementor-element-3eb2fb0 e-con-full e-flex e-con e-child\" data-id=\"3eb2fb0\" data-element_type=\"container\">\n\t\t<div class=\"elementor-element elementor-element-767027b e-con-full e-flex e-con e-child\" data-id=\"767027b\" data-element_type=\"container\">\n\t\t<div class=\"elementor-element elementor-element-0c86ec8 e-con-full e-flex e-con e-child\" data-id=\"0c86ec8\" data-element_type=\"container\">\n\t\t\t\t<div class=\"elementor-element elementor-element-52ad2c5 elementor-widget elementor-widget-image\" data-id=\"52ad2c5\" data-element_type=\"widget\" data-widget_type=\"image.default\">\n\t\t\t\t<div class=\"elementor-widget-container\">\n\t\t\t<style>\/*! elementor - v3.23.0 - 05-08-2024 *\/\n.elementor-widget-image{text-align:center}.elementor-widget-image a{display:inline-block}.elementor-widget-image a img[src$=\".svg\"]{width:48px}.elementor-widget-image img{vertical-align:middle;display:inline-block}<\/style>\t\t\t\t\t\t\t\t\t\t<img fetchpriority=\"high\" decoding=\"async\" width=\"1024\" height=\"683\" src=\"https:\/\/kpra.es\/wp-content\/uploads\/2024\/08\/Cabritos-1-1-1024x683.jpg\" class=\"attachment-large size-large wp-image-264\" alt=\"\" srcset=\"https:\/\/kpra.es\/wp-content\/uploads\/2024\/08\/Cabritos-1-1-1024x683.jpg 1024w, https:\/\/kpra.es\/wp-content\/uploads\/2024\/08\/Cabritos-1-1-300x200.jpg 300w, https:\/\/kpra.es\/wp-content\/uploads\/2024\/08\/Cabritos-1-1-768x512.jpg 768w, https:\/\/kpra.es\/wp-content\/uploads\/2024\/08\/Cabritos-1-1.jpg 1440w\" sizes=\"(max-width: 1024px) 100vw, 1024px\" \/>\t\t\t\t\t\t\t\t\t\t\t\t\t<\/div>\n\t\t\t\t<\/div>\n\t\t\t\t<\/div>\n\t\t\t\t<\/div>\n\t\t\t\t<\/div>\n\t\t<div class=\"elementor-element elementor-element-7560725 e-con-full e-flex e-con e-child\" data-id=\"7560725\" data-element_type=\"container\" data-settings=\"{&quot;background_background&quot;:&quot;classic&quot;}\">\n\t\t<div class=\"elementor-element elementor-element-8edffb5 e-con-full e-flex e-con e-child\" data-id=\"8edffb5\" data-element_type=\"container\">\n\t\t\t\t<div class=\"elementor-element elementor-element-3b9cef6 elementor-widget elementor-widget-heading\" data-id=\"3b9cef6\" data-element_type=\"widget\" data-widget_type=\"heading.default\">\n\t\t\t\t<div class=\"elementor-widget-container\">\n\t\t\t<h2 class=\"elementor-heading-title elementor-size-default\">\u00bfQu\u00e9 ofrecen nuestros animales?<\/h2>\t\t<\/div>\n\t\t\t\t<\/div>\n\t\t\t\t<div class=\"elementor-element elementor-element-80bf3b3 elementor-icon-list--layout-traditional elementor-list-item-link-full_width elementor-widget elementor-widget-icon-list\" data-id=\"80bf3b3\" data-element_type=\"widget\" data-widget_type=\"icon-list.default\">\n\t\t\t\t<div class=\"elementor-widget-container\">\n\t\t\t<link rel=\"stylesheet\" href=\"https:\/\/kpra.es\/wp-content\/plugins\/elementor\/assets\/css\/widget-icon-list.min.css\">\t\t<ul class=\"elementor-icon-list-items\">\n\t\t\t\t\t\t\t<li class=\"elementor-icon-list-item\">\n\t\t\t\t\t\t\t\t\t\t\t<span class=\"elementor-icon-list-icon\">\n\t\t\t\t\t\t\t<i aria-hidden=\"true\" class=\"fas fa-chevron-right\"><\/i>\t\t\t\t\t\t<\/span>\n\t\t\t\t\t\t\t\t\t\t<span class=\"elementor-icon-list-text\">Preinscripci\u00f3n en el Libro Geneal\u00f3gico<\/span>\n\t\t\t\t\t\t\t\t\t<\/li>\n\t\t\t\t\t\t\t\t<li class=\"elementor-icon-list-item\">\n\t\t\t\t\t\t\t\t\t\t\t<span class=\"elementor-icon-list-icon\">\n\t\t\t\t\t\t\t<i aria-hidden=\"true\" class=\"fas fa-chevron-right\"><\/i>\t\t\t\t\t\t<\/span>\n\t\t\t\t\t\t\t\t\t\t<span class=\"elementor-icon-list-text\">Oficialmente Indemnes a Brucelosis<\/span>\n\t\t\t\t\t\t\t\t\t<\/li>\n\t\t\t\t\t\t\t\t<li class=\"elementor-icon-list-item\">\n\t\t\t\t\t\t\t\t\t\t\t<span class=\"elementor-icon-list-icon\">\n\t\t\t\t\t\t\t<i aria-hidden=\"true\" class=\"fas fa-chevron-right\"><\/i>\t\t\t\t\t\t<\/span>\n\t\t\t\t\t\t\t\t\t\t<span class=\"elementor-icon-list-text\">Libre de Tuberculosis<\/span>\n\t\t\t\t\t\t\t\t\t<\/li>\n\t\t\t\t\t\t\t\t<li class=\"elementor-icon-list-item\">\n\t\t\t\t\t\t\t\t\t\t\t<span class=\"elementor-icon-list-icon\">\n\t\t\t\t\t\t\t<i aria-hidden=\"true\" class=\"fas fa-chevron-right\"><\/i>\t\t\t\t\t\t<\/span>\n\t\t\t\t\t\t\t\t\t\t<span class=\"elementor-icon-list-text\">Vacunados y revacunados de Enterotoxemia <\/span>\n\t\t\t\t\t\t\t\t\t<\/li>\n\t\t\t\t\t\t\t\t<li class=\"elementor-icon-list-item\">\n\t\t\t\t\t\t\t\t\t\t\t<span class=\"elementor-icon-list-icon\">\n\t\t\t\t\t\t\t<i aria-hidden=\"true\" class=\"fas fa-chevron-right\"><\/i>\t\t\t\t\t\t<\/span>\n\t\t\t\t\t\t\t\t\t\t<span class=\"elementor-icon-list-text\">Descornados<\/span>\n\t\t\t\t\t\t\t\t\t<\/li>\n\t\t\t\t\t\t\t\t<li class=\"elementor-icon-list-item\">\n\t\t\t\t\t\t\t\t\t\t\t<span class=\"elementor-icon-list-icon\">\n\t\t\t\t\t\t\t<i aria-hidden=\"true\" class=\"fas fa-chevron-right\"><\/i>\t\t\t\t\t\t<\/span>\n\t\t\t\t\t\t\t\t\t\t<span class=\"elementor-icon-list-text\">Desparasitados frente a helmintos y nematodos<\/span>\n\t\t\t\t\t\t\t\t\t<\/li>\n\t\t\t\t\t\t\t\t<li class=\"elementor-icon-list-item\">\n\t\t\t\t\t\t\t\t\t\t\t<span class=\"elementor-icon-list-icon\">\n\t\t\t\t\t\t\t<i aria-hidden=\"true\" class=\"fas fa-chevron-right\"><\/i>\t\t\t\t\t\t<\/span>\n\t\t\t\t\t\t\t\t\t\t<span class=\"elementor-icon-list-text\">Identificados  con microchip electr\u00f3nico<\/span>\n\t\t\t\t\t\t\t\t\t<\/li>\n\t\t\t\t\t\t<\/ul>\n\t\t\t\t<\/div>\n\t\t\t\t<\/div>\n\t\t\t\t<\/div>\n\t\t\t\t<\/div>\n\t\t\t\t\t<\/div>\n\t\t\t\t<\/div>\n\t\t<div class=\"elementor-element elementor-element-65b4f51 e-flex e-con-boxed e-con e-parent\" data-id=\"65b4f51\" data-element_type=\"container\">\n\t\t\t\t\t<div class=\"e-con-inner\">\n\t\t<div class=\"elementor-element elementor-element-6f87af8 e-con-full e-flex e-con e-child\" data-id=\"6f87af8\" data-element_type=\"container\">\n\t\t\t\t<div class=\"elementor-element elementor-element-585615c elementor-widget elementor-widget-text-editor\" data-id=\"585615c\" data-element_type=\"widget\" data-widget_type=\"text-editor.default\">\n\t\t\t\t<div class=\"elementor-widget-container\">\n\t\t\t\t\t\t\t<p>Si nuestro cliente necesita una preparaci\u00f3n especial tal como otras desparasitaciones, vacunaciones, identificaci\u00f3n, etc se lo preparamos (previo presupuesto).<\/p><p>Nuestras ventas son siempre\u00a0<strong>en origen<\/strong>\u00a0(granja) y acompa\u00f1adas de la documentaci\u00f3n oficial de traslado de animales vivos. El cliente es quien organiza el transporte hasta la explotaci\u00f3n de destino. Tambi\u00e9n podemos gestionar el transporte de animales si usted lo desea. Prepararemos facturas proforma y presupuestos sin compromiso.<\/p><p>Usted puede visitarnos para ver la granja, los futuros reproductores que quiere adquirir o sus madres y padres cuando lo desee solicit\u00e1ndonos cita.<\/p><p>Es recomendable hacer la reserva de compra para poder adquirir los futuros reproductores con la edad y la cantidad de animales que usted prefiera y as\u00ed asegurarse de que sus previsones en el tiempo se cumplen perfectamente.<\/p>\t\t\t\t\t\t<\/div>\n\t\t\t\t<\/div>\n\t\t\t\t<\/div>\n\t\t\t\t\t<\/div>\n\t\t\t\t<\/div>\n\t\t<div class=\"elementor-element elementor-element-fe25fcc e-flex e-con-boxed e-con e-parent\" data-id=\"fe25fcc\" data-element_type=\"container\">\n\t\t\t\t\t<div class=\"e-con-inner\">\n\t\t<div class=\"elementor-element elementor-element-dd6061c e-con-full e-flex e-con e-child\" data-id=\"dd6061c\" data-element_type=\"container\">\n\t\t<div class=\"elementor-element elementor-element-1447006 e-con-full e-flex e-con e-child\" data-id=\"1447006\" data-element_type=\"container\">\n\t\t<div class=\"elementor-element elementor-element-b2c944f e-con-full e-flex e-con e-child\" data-id=\"b2c944f\" data-element_type=\"container\">\n\t\t\t\t<div class=\"elementor-element elementor-element-c73f0ec elementor-widget elementor-widget-image\" data-id=\"c73f0ec\" data-element_type=\"widget\" data-widget_type=\"image.default\">\n\t\t\t\t<div class=\"elementor-widget-container\">\n\t\t\t\t\t\t\t\t\t\t\t\t\t\t<a href=\"https:\/\/kpra.es\/index.php\/hembras\/\">\n\t\t\t\t\t\t\t<img decoding=\"async\" width=\"1024\" height=\"683\" src=\"https:\/\/kpra.es\/wp-content\/uploads\/2024\/08\/Venta-1-1024x683.jpg\" class=\"attachment-large size-large wp-image-285\" alt=\"\" srcset=\"https:\/\/kpra.es\/wp-content\/uploads\/2024\/08\/Venta-1-1024x683.jpg 1024w, https:\/\/kpra.es\/wp-content\/uploads\/2024\/08\/Venta-1-300x200.jpg 300w, https:\/\/kpra.es\/wp-content\/uploads\/2024\/08\/Venta-1-768x512.jpg 768w, https:\/\/kpra.es\/wp-content\/uploads\/2024\/08\/Venta-1.jpg 1440w\" sizes=\"(max-width: 1024px) 100vw, 1024px\" \/>\t\t\t\t\t\t\t\t<\/a>\n\t\t\t\t\t\t\t\t\t\t\t\t\t<\/div>\n\t\t\t\t<\/div>\n\t\t\t\t<div class=\"elementor-element elementor-element-37e87a4 elementor-widget elementor-widget-heading\" data-id=\"37e87a4\" data-element_type=\"widget\" data-widget_type=\"heading.default\">\n\t\t\t\t<div class=\"elementor-widget-container\">\n\t\t\t<h3 class=\"elementor-heading-title elementor-size-default\"><a href=\"https:\/\/kpra.es\/index.php\/hembras\/\">HEMBRAS<\/a><\/h3>\t\t<\/div>\n\t\t\t\t<\/div>\n\t\t\t\t<\/div>\n\t\t<div class=\"elementor-element elementor-element-f3b464a e-con-full e-flex e-con e-child\" data-id=\"f3b464a\" data-element_type=\"container\">\n\t\t\t\t<div class=\"elementor-element elementor-element-c226d4b elementor-widget elementor-widget-image\" data-id=\"c226d4b\" data-element_type=\"widget\" data-widget_type=\"image.default\">\n\t\t\t\t<div class=\"elementor-widget-container\">\n\t\t\t\t\t\t\t\t\t\t\t\t\t\t<a href=\"https:\/\/kpra.es\/index.php\/machos\/\">\n\t\t\t\t\t\t\t<img decoding=\"async\" width=\"1024\" height=\"683\" src=\"https:\/\/kpra.es\/wp-content\/uploads\/2024\/08\/Venta-2-1024x683.jpg\" class=\"attachment-large size-large wp-image-286\" alt=\"\" srcset=\"https:\/\/kpra.es\/wp-content\/uploads\/2024\/08\/Venta-2-1024x683.jpg 1024w, https:\/\/kpra.es\/wp-content\/uploads\/2024\/08\/Venta-2-300x200.jpg 300w, https:\/\/kpra.es\/wp-content\/uploads\/2024\/08\/Venta-2-768x512.jpg 768w, https:\/\/kpra.es\/wp-content\/uploads\/2024\/08\/Venta-2.jpg 1440w\" sizes=\"(max-width: 1024px) 100vw, 1024px\" \/>\t\t\t\t\t\t\t\t<\/a>\n\t\t\t\t\t\t\t\t\t\t\t\t\t<\/div>\n\t\t\t\t<\/div>\n\t\t\t\t<div class=\"elementor-element elementor-element-c1650f6 elementor-widget elementor-widget-heading\" data-id=\"c1650f6\" data-element_type=\"widget\" data-widget_type=\"heading.default\">\n\t\t\t\t<div class=\"elementor-widget-container\">\n\t\t\t<h3 class=\"elementor-heading-title elementor-size-default\"><a href=\"https:\/\/kpra.es\/index.php\/machos\/\">MACHOS<\/a><\/h3>\t\t<\/div>\n\t\t\t\t<\/div>\n\t\t\t\t<\/div>\n\t\t\t\t<\/div>\n\t\t\t\t<\/div>\n\t\t\t\t\t<\/div>\n\t\t\t\t<\/div>\n\t\t\t\t<\/div>\n\t\t","protected":false},"excerpt":{"rendered":"<p>Venta de reproductores En Kpra S.L.\u00a0somos conscientes de que la\u00a0selecci\u00f3n gen\u00e9tica\u00a0es el n\u00facleo poderoso para obtener una gran\u00a0rentabilidad\u00a0en la producci\u00f3n de leche. Es obvio que para expresar al m\u00e1ximo el potencial gen\u00e9tico de nuestros animales hemos de cuidar las \u00e1reas de alimentaci\u00f3n, sanidad y manejo pero si carecemos de potencial gen\u00e9tico nuestros esfuerzos en \u00e9stas [&hellip;]<\/p>\n","protected":false},"author":1,"featured_media":0,"parent":0,"menu_order":0,"comment_status":"closed","ping_status":"closed","template":"","meta":{"_acf_changed":false,"footnotes":""},"class_list":["post-279","page","type-page","status-publish","hentry"],"acf":[],"_links":{"self":[{"href":"https:\/\/kpra.es\/index.php\/wp-json\/wp\/v2\/pages\/279","targetHints":{"allow":["GET"]}}],"collection":[{"href":"https:\/\/kpra.es\/index.php\/wp-json\/wp\/v2\/pages"}],"about":[{"href":"https:\/\/kpra.es\/index.php\/wp-json\/wp\/v2\/types\/page"}],"author":[{"embeddable":true,"href":"https:\/\/kpra.es\/index.php\/wp-json\/wp\/v2\/users\/1"}],"replies":[{"embeddable":true,"href":"https:\/\/kpra.es\/index.php\/wp-json\/wp\/v2\/comments?post=279"}],"version-history":[{"count":22,"href":"https:\/\/kpra.es\/index.php\/wp-json\/wp\/v2\/pages\/279\/revisions"}],"predecessor-version":[{"id":789,"href":"https:\/\/kpra.es\/index.php\/wp-json\/wp\/v2\/pages\/279\/revisions\/789"}],"wp:attachment":[{"href":"https:\/\/kpra.es\/index.php\/wp-json\/wp\/v2\/media?parent=279"}],"curies":[{"name":"wp","href":"https:\/\/api.w.org\/{rel}","templated":true}]}}