{"id":290,"date":"2024-08-26T10:33:05","date_gmt":"2024-08-26T08:33:05","guid":{"rendered":"https:\/\/kpra.es\/?page_id=290"},"modified":"2024-12-03T10:42:55","modified_gmt":"2024-12-03T09:42:55","slug":"hembras","status":"publish","type":"page","link":"https:\/\/kpra.es\/index.php\/hembras\/","title":{"rendered":"Hembras"},"content":{"rendered":"\t\t<div data-elementor-type=\"wp-page\" data-elementor-id=\"290\" class=\"elementor elementor-290\" data-elementor-post-type=\"page\">\n\t\t\t\t<div class=\"elementor-element elementor-element-ca9e950 e-flex e-con-boxed e-con e-parent\" data-id=\"ca9e950\" data-element_type=\"container\">\n\t\t\t\t\t<div class=\"e-con-inner\">\n\t\t<div class=\"elementor-element elementor-element-20c9ed9 e-con-full e-flex e-con e-child\" data-id=\"20c9ed9\" data-element_type=\"container\">\n\t\t<div class=\"elementor-element elementor-element-2e8ecb8 e-con-full e-flex e-con e-child\" data-id=\"2e8ecb8\" data-element_type=\"container\" data-settings=\"{&quot;background_background&quot;:&quot;classic&quot;}\">\n\t\t<div class=\"elementor-element elementor-element-929e533 e-con-full e-flex e-con e-child\" data-id=\"929e533\" data-element_type=\"container\" data-settings=\"{&quot;background_background&quot;:&quot;classic&quot;}\">\n\t\t<div class=\"elementor-element elementor-element-4669dff e-con-full e-flex e-con e-child\" data-id=\"4669dff\" data-element_type=\"container\">\n\t\t<div class=\"elementor-element elementor-element-2e9c5ff e-con-full e-flex e-con e-child\" data-id=\"2e9c5ff\" data-element_type=\"container\">\n\t\t\t\t<div class=\"elementor-element elementor-element-99fd83e elementor-widget elementor-widget-heading\" data-id=\"99fd83e\" data-element_type=\"widget\" data-widget_type=\"heading.default\">\n\t\t\t\t<div class=\"elementor-widget-container\">\n\t\t\t<style>\/*! elementor - v3.23.0 - 05-08-2024 *\/\n.elementor-heading-title{padding:0;margin:0;line-height:1}.elementor-widget-heading .elementor-heading-title[class*=elementor-size-]>a{color:inherit;font-size:inherit;line-height:inherit}.elementor-widget-heading .elementor-heading-title.elementor-size-small{font-size:15px}.elementor-widget-heading .elementor-heading-title.elementor-size-medium{font-size:19px}.elementor-widget-heading .elementor-heading-title.elementor-size-large{font-size:29px}.elementor-widget-heading .elementor-heading-title.elementor-size-xl{font-size:39px}.elementor-widget-heading .elementor-heading-title.elementor-size-xxl{font-size:59px}<\/style><h3 class=\"elementor-heading-title elementor-size-default\">Hembras<\/h3>\t\t<\/div>\n\t\t\t\t<\/div>\n\t\t\t\t<div class=\"elementor-element elementor-element-2651992 elementor-widget elementor-widget-text-editor\" data-id=\"2651992\" data-element_type=\"widget\" data-widget_type=\"text-editor.default\">\n\t\t\t\t<div class=\"elementor-widget-container\">\n\t\t\t<style>\/*! elementor - v3.23.0 - 05-08-2024 *\/\n.elementor-widget-text-editor.elementor-drop-cap-view-stacked .elementor-drop-cap{background-color:#69727d;color:#fff}.elementor-widget-text-editor.elementor-drop-cap-view-framed .elementor-drop-cap{color:#69727d;border:3px solid;background-color:transparent}.elementor-widget-text-editor:not(.elementor-drop-cap-view-default) .elementor-drop-cap{margin-top:8px}.elementor-widget-text-editor:not(.elementor-drop-cap-view-default) .elementor-drop-cap-letter{width:1em;height:1em}.elementor-widget-text-editor .elementor-drop-cap{float:left;text-align:center;line-height:1;font-size:50px}.elementor-widget-text-editor .elementor-drop-cap-letter{display:inline-block}<\/style>\t\t\t\t<div class=\"et_pb_module et_pb_text et_pb_text_0 et_pb_text_align_left et_pb_bg_layout_light\"><div class=\"et_pb_text_inner\"><div class=\"et_pb_row et_pb_row_0\"><div class=\"et_pb_column et_pb_column_4_4 et_pb_column_0  et_pb_css_mix_blend_mode_passthrough et-last-child\"><div class=\"et_pb_module et_pb_text et_pb_text_0  et_pb_text_align_left et_pb_bg_layout_light\"><div class=\"et_pb_text_inner\"><p>Nuestra mayor satisfacci\u00f3n son las felicitaciones de nuestros clientes cuando adquieren su nuevo reba\u00f1o en\u00a0<strong>Kpra S.L.<\/strong>\u00a0<\/p><p>Esto nos anima a ser cada d\u00eda mas exigentes con nosotros mismos y ser conscientes de que los nuevos emprendedores necesitan que su negocio de leche funcione muy bien y pueda asegurarse la rentabilidad deseada.<\/p><\/div><\/div><\/div><\/div><div class=\"et_pb_row et_pb_row_1\"><div class=\"et_pb_column et_pb_column_4_4 et_pb_column_1  et_pb_css_mix_blend_mode_passthrough et-last-child\"><div class=\"et_pb_module et_pb_accordion et_pb_accordion_0\"><div class=\"et_pb_toggle et_pb_module et_pb_accordion_item et_pb_accordion_item_0 et_pb_toggle_close\">\u00a0<\/div><\/div><\/div><\/div><\/div><\/div>\t\t\t\t\t\t<\/div>\n\t\t\t\t<\/div>\n\t\t\t\t<div class=\"elementor-element elementor-element-c21798f elementor-widget elementor-widget-n-accordion\" data-id=\"c21798f\" data-element_type=\"widget\" data-settings=\"{&quot;default_state&quot;:&quot;expanded&quot;,&quot;max_items_expended&quot;:&quot;one&quot;,&quot;n_accordion_animation_duration&quot;:{&quot;unit&quot;:&quot;ms&quot;,&quot;size&quot;:400,&quot;sizes&quot;:[]}}\" data-widget_type=\"nested-accordion.default\">\n\t\t\t\t<div class=\"elementor-widget-container\">\n\t\t\t\t\t<div class=\"e-n-accordion\" aria-label=\"Accordion. Open links with Enter or Space, close with Escape, and navigate with Arrow Keys\">\n\t\t\t\t\t\t<details id=\"e-n-accordion-item-2030\" class=\"e-n-accordion-item\" open>\n\t\t\t\t<summary class=\"e-n-accordion-item-title\" data-accordion-index=\"1\" tabindex=\"0\" aria-expanded=\"true\" aria-controls=\"e-n-accordion-item-2030\" >\n\t\t\t\t\t<span class='e-n-accordion-item-title-header'><div class=\"e-n-accordion-item-title-text\"> Paquete est\u00e1ndar <\/div><\/span>\n\t\t\t\t\t\t\t<span class='e-n-accordion-item-title-icon'>\n\t\t\t<span class='e-opened' ><i aria-hidden=\"true\" class=\"fas fa-minus\"><\/i><\/span>\n\t\t\t<span class='e-closed'><i aria-hidden=\"true\" class=\"fas fa-plus\"><\/i><\/span>\n\t\t<\/span>\n\n\t\t\t\t\t\t<\/summary>\n\t\t\t\t<div role=\"region\" aria-labelledby=\"e-n-accordion-item-2030\" class=\"elementor-element elementor-element-7881313 e-con-full e-flex e-con e-child\" data-id=\"7881313\" data-element_type=\"container\">\n\t\t\t\t<div class=\"elementor-element elementor-element-9d72a84 elementor-widget elementor-widget-text-editor\" data-id=\"9d72a84\" data-element_type=\"widget\" data-widget_type=\"text-editor.default\">\n\t\t\t\t<div class=\"elementor-widget-container\">\n\t\t\t\t\t\t\t<div class=\"et_pb_column et_pb_column_1_3 et_pb_column_1 et_pb_css_mix_blend_mode_passthrough\"><div class=\"et_pb_module et_pb_text et_pb_text_2 et_pb_text_align_left et_pb_bg_layout_light\"><div class=\"et_pb_text_inner\"><div class=\"et_pb_toggle et_pb_module et_pb_accordion_item et_pb_accordion_item_0 et_pb_toggle_open\"><div class=\"et_pb_toggle_content clearfix\"><p>Chivas de 4\/5 meses de edad que ya han superado perfectamente las etapas m\u00e1s comprometidas ( Lactancia, destete e iniciaci\u00f3n al alimento s\u00f3lido y forrajes). Con \u00e9sta edad la adaptaci\u00f3n a la nueva explotaci\u00f3n ganadera es absoluta. Usted s\u00f3lo tendr\u00e1 que preocuparse de su bienestar , una alimentaci\u00f3n correcta y cubrirlas cuando tengan al menos 28\/30 Kilogramos de peso vivo.<\/p><\/div><\/div><\/div><\/div><\/div>\t\t\t\t\t\t<\/div>\n\t\t\t\t<\/div>\n\t\t\t\t<\/div>\n\t\t\t\t\t<\/details>\n\t\t\t\t\t\t<details id=\"e-n-accordion-item-2031\" class=\"e-n-accordion-item\" >\n\t\t\t\t<summary class=\"e-n-accordion-item-title\" data-accordion-index=\"2\" tabindex=\"-1\" aria-expanded=\"false\" aria-controls=\"e-n-accordion-item-2031\" >\n\t\t\t\t\t<span class='e-n-accordion-item-title-header'><div class=\"e-n-accordion-item-title-text\"> Paquete especial <\/div><\/span>\n\t\t\t\t\t\t\t<span class='e-n-accordion-item-title-icon'>\n\t\t\t<span class='e-opened' ><i aria-hidden=\"true\" class=\"fas fa-minus\"><\/i><\/span>\n\t\t\t<span class='e-closed'><i aria-hidden=\"true\" class=\"fas fa-plus\"><\/i><\/span>\n\t\t<\/span>\n\n\t\t\t\t\t\t<\/summary>\n\t\t\t\t<div role=\"region\" aria-labelledby=\"e-n-accordion-item-2031\" class=\"elementor-element elementor-element-bd37cab e-con-full e-flex e-con e-child\" data-id=\"bd37cab\" data-element_type=\"container\">\n\t\t\t\t<div class=\"elementor-element elementor-element-648f8a8 elementor-widget elementor-widget-text-editor\" data-id=\"648f8a8\" data-element_type=\"widget\" data-widget_type=\"text-editor.default\">\n\t\t\t\t<div class=\"elementor-widget-container\">\n\t\t\t\t\t\t\t<div class=\"et_pb_column et_pb_column_1_3 et_pb_column_1 et_pb_css_mix_blend_mode_passthrough\"><div class=\"et_pb_module et_pb_text et_pb_text_2 et_pb_text_align_left et_pb_bg_layout_light\"><div class=\"et_pb_text_inner\"><div class=\"et_pb_column et_pb_column_1_3 et_pb_column_2 et_pb_css_mix_blend_mode_passthrough\"><div class=\"et_pb_module et_pb_text et_pb_text_3 et_pb_text_align_left et_pb_bg_layout_light\"><div class=\"et_pb_text_inner\"><div class=\"et_pb_row et_pb_row_1\"><div class=\"et_pb_column et_pb_column_4_4 et_pb_column_1  et_pb_css_mix_blend_mode_passthrough et-last-child\"><div class=\"et_pb_module et_pb_accordion et_pb_accordion_0\"><div class=\"et_pb_toggle et_pb_module et_pb_accordion_item et_pb_accordion_item_1 et_pb_toggle_open\"><div class=\"et_pb_toggle_content clearfix\"><p>Dise\u00f1o a petici\u00f3n del cliente por lo que preparamos los animales seg\u00fan las necesidades de cliente, as\u00ed tambi\u00e9n vendemos reproductoras en la etapa de lactancia, al destete, pre-cubrici\u00f3n, cubiertas por los machos e incluso si lo desea con diagn\u00f3stico ecogr\u00e1fico realizado.<\/p><\/div><\/div><\/div><\/div><\/div><\/div><\/div><\/div><div class=\"et_pb_column et_pb_column_1_3 et_pb_column_3 et_pb_css_mix_blend_mode_passthrough et-last-child\">\u00a0<\/div><\/div><\/div><\/div>\t\t\t\t\t\t<\/div>\n\t\t\t\t<\/div>\n\t\t\t\t<\/div>\n\t\t\t\t\t<\/details>\n\t\t\t\t\t<\/div>\n\t\t\t\t<\/div>\n\t\t\t\t<\/div>\n\t\t\t\t<\/div>\n\t\t\t\t<\/div>\n\t\t<div class=\"elementor-element elementor-element-174f155 e-con-full e-flex e-con e-child\" data-id=\"174f155\" data-element_type=\"container\" data-settings=\"{&quot;background_background&quot;:&quot;classic&quot;}\">\n\t\t\t\t<\/div>\n\t\t\t\t<\/div>\n\t\t\t\t<\/div>\n\t\t\t\t<\/div>\n\t\t\t\t\t<\/div>\n\t\t\t\t<\/div>\n\t\t\t\t<\/div>\n\t\t","protected":false},"excerpt":{"rendered":"<p>Hembras Nuestra mayor satisfacci\u00f3n son las felicitaciones de nuestros clientes cuando adquieren su nuevo reba\u00f1o en\u00a0Kpra S.L.\u00a0 Esto nos anima a ser cada d\u00eda mas exigentes con nosotros mismos y ser conscientes de que los nuevos emprendedores necesitan que su negocio de leche funcione muy bien y pueda asegurarse la rentabilidad deseada. \u00a0 Paquete est\u00e1ndar [&hellip;]<\/p>\n","protected":false},"author":1,"featured_media":0,"parent":0,"menu_order":0,"comment_status":"closed","ping_status":"closed","template":"","meta":{"_acf_changed":false,"footnotes":""},"class_list":["post-290","page","type-page","status-publish","hentry"],"acf":[],"_links":{"self":[{"href":"https:\/\/kpra.es\/index.php\/wp-json\/wp\/v2\/pages\/290","targetHints":{"allow":["GET"]}}],"collection":[{"href":"https:\/\/kpra.es\/index.php\/wp-json\/wp\/v2\/pages"}],"about":[{"href":"https:\/\/kpra.es\/index.php\/wp-json\/wp\/v2\/types\/page"}],"author":[{"embeddable":true,"href":"https:\/\/kpra.es\/index.php\/wp-json\/wp\/v2\/users\/1"}],"replies":[{"embeddable":true,"href":"https:\/\/kpra.es\/index.php\/wp-json\/wp\/v2\/comments?post=290"}],"version-history":[{"count":21,"href":"https:\/\/kpra.es\/index.php\/wp-json\/wp\/v2\/pages\/290\/revisions"}],"predecessor-version":[{"id":819,"href":"https:\/\/kpra.es\/index.php\/wp-json\/wp\/v2\/pages\/290\/revisions\/819"}],"wp:attachment":[{"href":"https:\/\/kpra.es\/index.php\/wp-json\/wp\/v2\/media?parent=290"}],"curies":[{"name":"wp","href":"https:\/\/api.w.org\/{rel}","templated":true}]}}