{"id":295,"date":"2024-08-26T10:36:10","date_gmt":"2024-08-26T08:36:10","guid":{"rendered":"https:\/\/kpra.es\/?page_id=295"},"modified":"2024-12-02T14:21:05","modified_gmt":"2024-12-02T13:21:05","slug":"machos","status":"publish","type":"page","link":"https:\/\/kpra.es\/index.php\/machos\/","title":{"rendered":"Machos"},"content":{"rendered":"\t\t<div data-elementor-type=\"wp-page\" data-elementor-id=\"295\" class=\"elementor elementor-295\" data-elementor-post-type=\"page\">\n\t\t\t\t<div class=\"elementor-element elementor-element-5d10cfe e-flex e-con-boxed e-con e-parent\" data-id=\"5d10cfe\" data-element_type=\"container\">\n\t\t\t\t\t<div class=\"e-con-inner\">\n\t\t<div class=\"elementor-element elementor-element-a2c2310 e-con-full e-flex e-con e-child\" data-id=\"a2c2310\" data-element_type=\"container\">\n\t\t<div class=\"elementor-element elementor-element-d163a45 e-con-full e-flex e-con e-child\" data-id=\"d163a45\" data-element_type=\"container\" data-settings=\"{&quot;background_background&quot;:&quot;classic&quot;}\">\n\t\t<div class=\"elementor-element elementor-element-c31f5b6 e-con-full e-flex e-con e-child\" data-id=\"c31f5b6\" data-element_type=\"container\" data-settings=\"{&quot;background_background&quot;:&quot;classic&quot;}\">\n\t\t<div class=\"elementor-element elementor-element-bfcf835 e-con-full e-flex e-con e-child\" data-id=\"bfcf835\" data-element_type=\"container\">\n\t\t<div class=\"elementor-element elementor-element-9e730bc e-con-full e-flex e-con e-child\" data-id=\"9e730bc\" data-element_type=\"container\">\n\t\t\t\t<div class=\"elementor-element elementor-element-38a4f83 elementor-widget elementor-widget-heading\" data-id=\"38a4f83\" data-element_type=\"widget\" data-widget_type=\"heading.default\">\n\t\t\t\t<div class=\"elementor-widget-container\">\n\t\t\t<style>\/*! elementor - v3.23.0 - 05-08-2024 *\/\n.elementor-heading-title{padding:0;margin:0;line-height:1}.elementor-widget-heading .elementor-heading-title[class*=elementor-size-]>a{color:inherit;font-size:inherit;line-height:inherit}.elementor-widget-heading .elementor-heading-title.elementor-size-small{font-size:15px}.elementor-widget-heading .elementor-heading-title.elementor-size-medium{font-size:19px}.elementor-widget-heading .elementor-heading-title.elementor-size-large{font-size:29px}.elementor-widget-heading .elementor-heading-title.elementor-size-xl{font-size:39px}.elementor-widget-heading .elementor-heading-title.elementor-size-xxl{font-size:59px}<\/style><h3 class=\"elementor-heading-title elementor-size-default\">Machos<\/h3>\t\t<\/div>\n\t\t\t\t<\/div>\n\t\t\t\t<div class=\"elementor-element elementor-element-cbf096d elementor-widget elementor-widget-text-editor\" data-id=\"cbf096d\" data-element_type=\"widget\" data-widget_type=\"text-editor.default\">\n\t\t\t\t<div class=\"elementor-widget-container\">\n\t\t\t<style>\/*! elementor - v3.23.0 - 05-08-2024 *\/\n.elementor-widget-text-editor.elementor-drop-cap-view-stacked .elementor-drop-cap{background-color:#69727d;color:#fff}.elementor-widget-text-editor.elementor-drop-cap-view-framed .elementor-drop-cap{color:#69727d;border:3px solid;background-color:transparent}.elementor-widget-text-editor:not(.elementor-drop-cap-view-default) .elementor-drop-cap{margin-top:8px}.elementor-widget-text-editor:not(.elementor-drop-cap-view-default) .elementor-drop-cap-letter{width:1em;height:1em}.elementor-widget-text-editor .elementor-drop-cap{float:left;text-align:center;line-height:1;font-size:50px}.elementor-widget-text-editor .elementor-drop-cap-letter{display:inline-block}<\/style>\t\t\t\t<div class=\"et_pb_module et_pb_text et_pb_text_0 et_pb_text_align_left et_pb_bg_layout_light\"><div class=\"et_pb_text_inner\"><div class=\"et_pb_row et_pb_row_0\"><div class=\"et_pb_column et_pb_column_4_4 et_pb_column_0 et_pb_css_mix_blend_mode_passthrough et-last-child\"><div class=\"et_pb_module et_pb_text et_pb_text_0 et_pb_text_align_left et_pb_bg_layout_light\"><div class=\"et_pb_text_inner\"><p>Los sementales representan el 50% del valor gen\u00e9tico de una explotaci\u00f3n caprina. Por lo tanto la presi\u00f3n selectiva es mucho mayor ya que en unos pocos animales concentramos la mitad de la\u00a0<strong>selecci\u00f3n genetica.<\/strong><\/p><p>En\u00a0Kpra SL s\u00f3lo seleccionamos el\u00a0<strong>4%<\/strong>\u00a0de los machos nacidos como futuros\u00a0sementales\u00a0y como es l\u00f3gico elegimos los hijos de nuestras cabras estrella. El proceso de selecci\u00f3n es similar al de las hembras s\u00f3lo que adem\u00e1s utilizamos la informaci\u00f3n de valor gen\u00e9tico de nuestra explotaci\u00f3n elaborada por la asociaci\u00f3n de la raza (<strong>ACRIMUR<\/strong>), eligiendo aquellos machos que son hijos de cabras y sementales de\u00a0<strong>Kpra S.L.<\/strong>\u00a0que demuestran un car\u00e1cter mejorante de su valor gen\u00e9tico tanto en la producci\u00f3n de leche como en la calidad de la leche (grasa y prote\u00edna).<\/p><p>Tambi\u00e9n utilizamos como padres de futuros sementales la Inseminaci\u00f3n Artificial con el semen de los machos seleccionados por la Asociaci\u00f3n de la Raza que hay en el Centro de Inseminaci\u00f3n Artificial Oficial de la Raza Murciano-Granadina. De \u00e9sta manera aseguramos un alto valor y potencial gen\u00e9tico de nuestros sementales en venta.<\/p><p>Ofrecemos los machos sementales con distintas edades. Al igual que las hembras reproductoras tenemos una producci\u00f3n limitada por lo que igualmente recomendamos que haga la reserva de compra para asegurarse la disponibilidad de sementales para su explotaci\u00f3n.<\/p><\/div><\/div><\/div><\/div><\/div><\/div>\t\t\t\t\t\t<\/div>\n\t\t\t\t<\/div>\n\t\t\t\t<\/div>\n\t\t\t\t<\/div>\n\t\t<div class=\"elementor-element elementor-element-6c7a6a2 e-con-full e-flex e-con e-child\" data-id=\"6c7a6a2\" data-element_type=\"container\" data-settings=\"{&quot;background_background&quot;:&quot;classic&quot;}\">\n\t\t\t\t<\/div>\n\t\t\t\t<\/div>\n\t\t\t\t<\/div>\n\t\t\t\t<\/div>\n\t\t\t\t\t<\/div>\n\t\t\t\t<\/div>\n\t\t\t\t<\/div>\n\t\t","protected":false},"excerpt":{"rendered":"<p>Machos Los sementales representan el 50% del valor gen\u00e9tico de una explotaci\u00f3n caprina. Por lo tanto la presi\u00f3n selectiva es mucho mayor ya que en unos pocos animales concentramos la mitad de la\u00a0selecci\u00f3n genetica. En\u00a0Kpra SL s\u00f3lo seleccionamos el\u00a04%\u00a0de los machos nacidos como futuros\u00a0sementales\u00a0y como es l\u00f3gico elegimos los hijos de nuestras cabras estrella. El [&hellip;]<\/p>\n","protected":false},"author":1,"featured_media":0,"parent":0,"menu_order":0,"comment_status":"closed","ping_status":"closed","template":"","meta":{"_acf_changed":false,"footnotes":""},"class_list":["post-295","page","type-page","status-publish","hentry"],"acf":[],"_links":{"self":[{"href":"https:\/\/kpra.es\/index.php\/wp-json\/wp\/v2\/pages\/295","targetHints":{"allow":["GET"]}}],"collection":[{"href":"https:\/\/kpra.es\/index.php\/wp-json\/wp\/v2\/pages"}],"about":[{"href":"https:\/\/kpra.es\/index.php\/wp-json\/wp\/v2\/types\/page"}],"author":[{"embeddable":true,"href":"https:\/\/kpra.es\/index.php\/wp-json\/wp\/v2\/users\/1"}],"replies":[{"embeddable":true,"href":"https:\/\/kpra.es\/index.php\/wp-json\/wp\/v2\/comments?post=295"}],"version-history":[{"count":22,"href":"https:\/\/kpra.es\/index.php\/wp-json\/wp\/v2\/pages\/295\/revisions"}],"predecessor-version":[{"id":768,"href":"https:\/\/kpra.es\/index.php\/wp-json\/wp\/v2\/pages\/295\/revisions\/768"}],"wp:attachment":[{"href":"https:\/\/kpra.es\/index.php\/wp-json\/wp\/v2\/media?parent=295"}],"curies":[{"name":"wp","href":"https:\/\/api.w.org\/{rel}","templated":true}]}}