{"id":301,"date":"2024-08-26T10:56:47","date_gmt":"2024-08-26T08:56:47","guid":{"rendered":"https:\/\/kpra.es\/?page_id=301"},"modified":"2024-12-02T14:22:03","modified_gmt":"2024-12-02T13:22:03","slug":"idi","status":"publish","type":"page","link":"https:\/\/kpra.es\/index.php\/idi\/","title":{"rendered":"I+D+i"},"content":{"rendered":"\t\t<div data-elementor-type=\"wp-page\" data-elementor-id=\"301\" class=\"elementor elementor-301\" data-elementor-post-type=\"page\">\n\t\t\t\t<div class=\"elementor-element elementor-element-1271c95 e-flex e-con-boxed e-con e-parent\" data-id=\"1271c95\" data-element_type=\"container\">\n\t\t\t\t\t<div class=\"e-con-inner\">\n\t\t<div class=\"elementor-element elementor-element-98350d4 e-con-full e-flex e-con e-child\" data-id=\"98350d4\" data-element_type=\"container\">\n\t\t<div class=\"elementor-element elementor-element-0b4d9fc e-con-full e-flex e-con e-child\" data-id=\"0b4d9fc\" data-element_type=\"container\">\n\t\t\t\t<div class=\"elementor-element elementor-element-205290b elementor-widget elementor-widget-heading\" data-id=\"205290b\" data-element_type=\"widget\" data-widget_type=\"heading.default\">\n\t\t\t\t<div class=\"elementor-widget-container\">\n\t\t\t<style>\/*! elementor - v3.23.0 - 05-08-2024 *\/\n.elementor-heading-title{padding:0;margin:0;line-height:1}.elementor-widget-heading .elementor-heading-title[class*=elementor-size-]>a{color:inherit;font-size:inherit;line-height:inherit}.elementor-widget-heading .elementor-heading-title.elementor-size-small{font-size:15px}.elementor-widget-heading .elementor-heading-title.elementor-size-medium{font-size:19px}.elementor-widget-heading .elementor-heading-title.elementor-size-large{font-size:29px}.elementor-widget-heading .elementor-heading-title.elementor-size-xl{font-size:39px}.elementor-widget-heading .elementor-heading-title.elementor-size-xxl{font-size:59px}<\/style><h1 class=\"elementor-heading-title elementor-size-default\">I+D+i\u200b<\/h1>\t\t<\/div>\n\t\t\t\t<\/div>\n\t\t\t\t<\/div>\n\t\t<div class=\"elementor-element elementor-element-34abad5 e-con-full e-flex e-con e-child\" data-id=\"34abad5\" data-element_type=\"container\">\n\t\t<div class=\"elementor-element elementor-element-00b7290 e-con-full e-flex e-con e-child\" data-id=\"00b7290\" data-element_type=\"container\">\n\t\t<div class=\"elementor-element elementor-element-88e3f0f e-con-full e-flex e-con e-child\" data-id=\"88e3f0f\" data-element_type=\"container\" data-settings=\"{&quot;background_background&quot;:&quot;classic&quot;}\">\n\t\t\t\t<div class=\"elementor-element elementor-element-b5d23b9 elementor-widget elementor-widget-text-editor\" data-id=\"b5d23b9\" data-element_type=\"widget\" data-widget_type=\"text-editor.default\">\n\t\t\t\t<div class=\"elementor-widget-container\">\n\t\t\t<style>\/*! elementor - v3.23.0 - 05-08-2024 *\/\n.elementor-widget-text-editor.elementor-drop-cap-view-stacked .elementor-drop-cap{background-color:#69727d;color:#fff}.elementor-widget-text-editor.elementor-drop-cap-view-framed .elementor-drop-cap{color:#69727d;border:3px solid;background-color:transparent}.elementor-widget-text-editor:not(.elementor-drop-cap-view-default) .elementor-drop-cap{margin-top:8px}.elementor-widget-text-editor:not(.elementor-drop-cap-view-default) .elementor-drop-cap-letter{width:1em;height:1em}.elementor-widget-text-editor .elementor-drop-cap{float:left;text-align:center;line-height:1;font-size:50px}.elementor-widget-text-editor .elementor-drop-cap-letter{display:inline-block}<\/style>\t\t\t\t<p>Aunque la cabra es compa\u00f1era del Hombre desde tiempos ancestrales sirvi\u00e9ndole como fuente alimenticia en sus necesidades b\u00e1sicas de leche y carne , la comunidad cient\u00edfica le ha dedicado poco si lo comparamos con el resto de especies dom\u00e9sticas . Podemos encontrar mucho y abundante del Porcino , Bovino de leche y carne , Avicultura de carne y puesta , etc , pero cuando queremos conocer de Caprino encontramos grandes lagunas. Tradicionalmente se ha hecho una extensi\u00f3n aplicativa del bovino de leche al caprino y a nuestro entender es un grave error pues aunque mantienen grandes similitudes , es obvio que la cabra tiene sus particularidades y ciertas peculiaridades.<\/p><p>En <strong>Kpra S.L.<\/strong>\u00a0somos muy conscientes de la idiosincrasia de \u00e9sta especie dom\u00e9sticas y colaboramos con la comunidad cient\u00edfica participando activamente en proyectos de investigaci\u00f3n con distintas Universidades y Entes P\u00fablicos de Investigaci\u00f3n Nacionales e Internacionales con el \u00e1nimo de generar un mejor desarrollo de las producciones de la cabra. Francisco Moya propietario y gerente de\u00a0<strong>Kpra S.L.<\/strong>\u00a0forma parte del equipo Investigador de Sanidad de Rumiantes de la Facultad de Veterinaria de la Universidad de Murcia , tambi\u00e9n se encuentra desarrollando una tesis doctoral sobre par\u00e1metros b\u00e1sicos de orde\u00f1o en la Escuela de Ingenieros Agr\u00f3nomos de la Universidad Miguel Hern\u00e1ndez de Orihuela , igualmente colabora en varios proyectos investigadores de las Universidades de C\u00f3rdoba , Murcia y Orihuela as\u00ed como con el\u00a0<strong>IMIDA<\/strong>\u00a0(Instituto Murciano de Investigaci\u00f3n y Desarrollo Agroalimentario) y con el\u00a0<strong>INIA<\/strong>\u00a0(Instituto Nacional de Investigaciones Agrarias).\u00a0<\/p>\t\t\t\t\t\t<\/div>\n\t\t\t\t<\/div>\n\t\t\t\t<\/div>\n\t\t\t\t<\/div>\n\t\t\t\t<\/div>\n\t\t\t\t<\/div>\n\t\t\t\t\t<\/div>\n\t\t\t\t<\/div>\n\t\t<div class=\"elementor-element elementor-element-f722f74 e-flex e-con-boxed e-con e-parent\" data-id=\"f722f74\" data-element_type=\"container\">\n\t\t\t\t\t<div class=\"e-con-inner\">\n\t\t<div class=\"elementor-element elementor-element-ccb5658 e-con-full e-flex e-con e-child\" data-id=\"ccb5658\" data-element_type=\"container\">\n\t\t\t\t<div class=\"elementor-element elementor-element-6407e0a elementor-widget elementor-widget-image\" data-id=\"6407e0a\" data-element_type=\"widget\" data-widget_type=\"image.default\">\n\t\t\t\t<div class=\"elementor-widget-container\">\n\t\t\t<style>\/*! elementor - v3.23.0 - 05-08-2024 *\/\n.elementor-widget-image{text-align:center}.elementor-widget-image a{display:inline-block}.elementor-widget-image a img[src$=\".svg\"]{width:48px}.elementor-widget-image img{vertical-align:middle;display:inline-block}<\/style>\t\t\t\t\t\t\t\t\t\t<img fetchpriority=\"high\" decoding=\"async\" width=\"1024\" height=\"683\" src=\"https:\/\/kpra.es\/wp-content\/uploads\/2024\/08\/Imasdmasi-1024x683.jpg\" class=\"attachment-large size-large wp-image-303\" alt=\"\" srcset=\"https:\/\/kpra.es\/wp-content\/uploads\/2024\/08\/Imasdmasi-1024x683.jpg 1024w, https:\/\/kpra.es\/wp-content\/uploads\/2024\/08\/Imasdmasi-300x200.jpg 300w, https:\/\/kpra.es\/wp-content\/uploads\/2024\/08\/Imasdmasi-768x512.jpg 768w, https:\/\/kpra.es\/wp-content\/uploads\/2024\/08\/Imasdmasi.jpg 1080w\" sizes=\"(max-width: 1024px) 100vw, 1024px\" \/>\t\t\t\t\t\t\t\t\t\t\t\t\t<\/div>\n\t\t\t\t<\/div>\n\t\t<div class=\"elementor-element elementor-element-d61ceb0 e-con-full e-flex e-con e-child\" data-id=\"d61ceb0\" data-element_type=\"container\">\n\t\t\t\t<div class=\"elementor-element elementor-element-efdd12e elementor-widget elementor-widget-text-editor\" data-id=\"efdd12e\" data-element_type=\"widget\" data-widget_type=\"text-editor.default\">\n\t\t\t\t<div class=\"elementor-widget-container\">\n\t\t\t\t\t\t\t<div class=\"et_pb_row et_pb_row_0\"><div class=\"et_pb_column et_pb_column_4_4 et_pb_column_0  et_pb_css_mix_blend_mode_passthrough et-last-child\"><div class=\"et_pb_module et_pb_text et_pb_text_1  et_pb_text_align_left et_pb_bg_layout_light\"><div class=\"et_pb_text_inner\"><p>En la actualidad estamos \u00a0desarrollando dos nuevos proyectos \u00a0bajo financiaci\u00f3n del\u00a0<em>CENTRO DE DESARROLLO TECNOLOGICO E INDUSTRIAL (CDTI) y el FONDO EUROPEO PARA EL DESARROLLO DE LAS REGIONES (FEDER) :\u00a0<\/em>\u00a0un primer proyecto denominado \u00abINCORPORACI\u00d3N DE TRATAMIENTOS M\u00c1S SOSTENIBLES Y EFICIENTES PARA INDUCIR Y SINCRONIZAR LA OVULACI\u00d3N DE LA CABRA\u00a0(IDI-20170409) \u00a0(Ficha n\u00ba 10)\u00a0 y un segundo proyecto denominado : \u201cUTILIZACI\u00d3N DE CALOSTRO DE CERDAS Y CABRAS PARA EL ENCALOSTRADO ARTIFICIAL DE LECHONES DE CERDAS HIPERPROL\u00cdFICAS 2\/2\u2033<em>\u00a0(IDI-20171265)\u00a0<\/em>( Ficha n\u00ba 11).<\/p><\/div><\/div><\/div><\/div><div class=\"et_pb_row et_pb_row_1\"><div class=\"et_pb_column et_pb_column_1_3 et_pb_column_1  et_pb_css_mix_blend_mode_passthrough\">\u00a0<\/div><\/div>\t\t\t\t\t\t<\/div>\n\t\t\t\t<\/div>\n\t\t\t\t<\/div>\n\t\t\t\t<\/div>\n\t\t\t\t\t<\/div>\n\t\t\t\t<\/div>\n\t\t<div class=\"elementor-element elementor-element-fd1aa11 e-flex e-con-boxed e-con e-parent\" data-id=\"fd1aa11\" data-element_type=\"container\">\n\t\t\t\t\t<div class=\"e-con-inner\">\n\t\t<div class=\"elementor-element elementor-element-e334dec e-con-full e-flex e-con e-child\" data-id=\"e334dec\" data-element_type=\"container\">\n\t\t\t\t<div class=\"elementor-element elementor-element-8d57ffe elementor-widget elementor-widget-image\" data-id=\"8d57ffe\" data-element_type=\"widget\" data-widget_type=\"image.default\">\n\t\t\t\t<div class=\"elementor-widget-container\">\n\t\t\t\t\t\t\t\t\t\t\t\t\t<img decoding=\"async\" width=\"1024\" height=\"264\" src=\"https:\/\/kpra.es\/wp-content\/uploads\/2024\/08\/LOGO-FEDER-OK-1024x264.png\" class=\"attachment-large size-large wp-image-308\" alt=\"\" srcset=\"https:\/\/kpra.es\/wp-content\/uploads\/2024\/08\/LOGO-FEDER-OK-1024x264.png 1024w, https:\/\/kpra.es\/wp-content\/uploads\/2024\/08\/LOGO-FEDER-OK-300x77.png 300w, https:\/\/kpra.es\/wp-content\/uploads\/2024\/08\/LOGO-FEDER-OK-768x198.png 768w, https:\/\/kpra.es\/wp-content\/uploads\/2024\/08\/LOGO-FEDER-OK.png 1446w\" sizes=\"(max-width: 1024px) 100vw, 1024px\" \/>\t\t\t\t\t\t\t\t\t\t\t\t\t<\/div>\n\t\t\t\t<\/div>\n\t\t\t\t<\/div>\n\t\t<div class=\"elementor-element elementor-element-7144d6a e-con-full e-flex e-con e-child\" data-id=\"7144d6a\" data-element_type=\"container\">\n\t\t\t\t<div class=\"elementor-element elementor-element-29bf598 elementor-widget elementor-widget-image\" data-id=\"29bf598\" data-element_type=\"widget\" data-widget_type=\"image.default\">\n\t\t\t\t<div class=\"elementor-widget-container\">\n\t\t\t\t\t\t\t\t\t\t\t\t\t<img decoding=\"async\" width=\"1024\" height=\"315\" src=\"https:\/\/kpra.es\/wp-content\/uploads\/2024\/08\/1280px-Logotipo_del_Ministerio_de_Ciencia_e_Innovacion.svg_-1024x315.png\" class=\"attachment-large size-large wp-image-309\" alt=\"\" srcset=\"https:\/\/kpra.es\/wp-content\/uploads\/2024\/08\/1280px-Logotipo_del_Ministerio_de_Ciencia_e_Innovacion.svg_-1024x315.png 1024w, https:\/\/kpra.es\/wp-content\/uploads\/2024\/08\/1280px-Logotipo_del_Ministerio_de_Ciencia_e_Innovacion.svg_-300x92.png 300w, https:\/\/kpra.es\/wp-content\/uploads\/2024\/08\/1280px-Logotipo_del_Ministerio_de_Ciencia_e_Innovacion.svg_-768x236.png 768w, https:\/\/kpra.es\/wp-content\/uploads\/2024\/08\/1280px-Logotipo_del_Ministerio_de_Ciencia_e_Innovacion.svg_.png 1280w\" sizes=\"(max-width: 1024px) 100vw, 1024px\" \/>\t\t\t\t\t\t\t\t\t\t\t\t\t<\/div>\n\t\t\t\t<\/div>\n\t\t\t\t<\/div>\n\t\t<div class=\"elementor-element elementor-element-879b738 e-con-full e-flex e-con e-child\" data-id=\"879b738\" data-element_type=\"container\">\n\t\t\t\t<div class=\"elementor-element elementor-element-bfdd91e elementor-widget elementor-widget-image\" data-id=\"bfdd91e\" data-element_type=\"widget\" data-widget_type=\"image.default\">\n\t\t\t\t<div class=\"elementor-widget-container\">\n\t\t\t\t\t\t\t\t\t\t\t\t\t<img loading=\"lazy\" decoding=\"async\" width=\"550\" height=\"250\" src=\"https:\/\/kpra.es\/wp-content\/uploads\/2024\/08\/Logo_CDTI2.svg_.png\" class=\"attachment-large size-large wp-image-310\" alt=\"\" srcset=\"https:\/\/kpra.es\/wp-content\/uploads\/2024\/08\/Logo_CDTI2.svg_.png 550w, https:\/\/kpra.es\/wp-content\/uploads\/2024\/08\/Logo_CDTI2.svg_-300x136.png 300w\" sizes=\"(max-width: 550px) 100vw, 550px\" \/>\t\t\t\t\t\t\t\t\t\t\t\t\t<\/div>\n\t\t\t\t<\/div>\n\t\t\t\t<\/div>\n\t\t\t\t\t<\/div>\n\t\t\t\t<\/div>\n\t\t\t\t<\/div>\n\t\t","protected":false},"excerpt":{"rendered":"<p>I+D+i\u200b Aunque la cabra es compa\u00f1era del Hombre desde tiempos ancestrales sirvi\u00e9ndole como fuente alimenticia en sus necesidades b\u00e1sicas de leche y carne , la comunidad cient\u00edfica le ha dedicado poco si lo comparamos con el resto de especies dom\u00e9sticas . Podemos encontrar mucho y abundante del Porcino , Bovino de leche y carne , [&hellip;]<\/p>\n","protected":false},"author":1,"featured_media":0,"parent":0,"menu_order":0,"comment_status":"closed","ping_status":"closed","template":"","meta":{"_acf_changed":false,"footnotes":""},"class_list":["post-301","page","type-page","status-publish","hentry"],"acf":[],"_links":{"self":[{"href":"https:\/\/kpra.es\/index.php\/wp-json\/wp\/v2\/pages\/301","targetHints":{"allow":["GET"]}}],"collection":[{"href":"https:\/\/kpra.es\/index.php\/wp-json\/wp\/v2\/pages"}],"about":[{"href":"https:\/\/kpra.es\/index.php\/wp-json\/wp\/v2\/types\/page"}],"author":[{"embeddable":true,"href":"https:\/\/kpra.es\/index.php\/wp-json\/wp\/v2\/users\/1"}],"replies":[{"embeddable":true,"href":"https:\/\/kpra.es\/index.php\/wp-json\/wp\/v2\/comments?post=301"}],"version-history":[{"count":28,"href":"https:\/\/kpra.es\/index.php\/wp-json\/wp\/v2\/pages\/301\/revisions"}],"predecessor-version":[{"id":801,"href":"https:\/\/kpra.es\/index.php\/wp-json\/wp\/v2\/pages\/301\/revisions\/801"}],"wp:attachment":[{"href":"https:\/\/kpra.es\/index.php\/wp-json\/wp\/v2\/media?parent=301"}],"curies":[{"name":"wp","href":"https:\/\/api.w.org\/{rel}","templated":true}]}}